{"id":4888,"date":"2018-11-16T11:35:54","date_gmt":"2018-11-16T10:35:54","guid":{"rendered":"https:\/\/www.sport4club.be\/index.php\/product\/head-tip-green-tube-3-balles\/"},"modified":"2024-04-15T16:15:14","modified_gmt":"2024-04-15T14:15:14","slug":"head-tip-green-tube-3-balles","status":"publish","type":"product","link":"https:\/\/www.sport4club.be\/index.php\/product\/head-tip-green-tube-3-balles\/","title":{"rendered":"Head TIP GREEN (TUBE 3 BALLES)"},"content":{"rendered":"<p>Les balles de tennis pour enfants Head TIP Advanced Beginners sont con\u00e7ues sp\u00e9cialement pour les enfants de 9 \u00e0 10 ans. Ces balles sont plus\u00a0<strong>souples<\/strong>, plus\u00a0<strong>l\u00e9g\u00e8res\u00a0<\/strong>que les balles adultes et leur\u00a0<strong>rebond\u00a0<\/strong>plus bas est id\u00e9al pour les enfants.<\/p>\n<p>La balle Head TIP Verte\u00a0<strong>est 25% plus lente qu&#8217;une balle classique<\/strong>.<\/p>\n","protected":false},"excerpt":{"rendered":"<p>Les balles de tennis pour enfants Head TIP Advanced Beginners sont con\u00e7ues sp\u00e9cialement pour les enfants de 9 \u00e0 10 ans. Ces balles sont plus\u00a0souples, plus\u00a0l\u00e9g\u00e8res\u00a0que les balles adultes et leur\u00a0rebond\u00a0plus bas est id\u00e9al pour les enfants. La balle Head TIP Verte\u00a0est 25% plus lente qu&#8217;une balle classique.<\/p>\n","protected":false},"featured_media":4889,"comment_status":"open","ping_status":"closed","template":"","meta":[],"product_cat":[106],"product_tag":[],"_links":{"self":[{"href":"https:\/\/www.sport4club.be\/index.php\/wp-json\/wp\/v2\/product\/4888"}],"collection":[{"href":"https:\/\/www.sport4club.be\/index.php\/wp-json\/wp\/v2\/product"}],"about":[{"href":"https:\/\/www.sport4club.be\/index.php\/wp-json\/wp\/v2\/types\/product"}],"replies":[{"embeddable":true,"href":"https:\/\/www.sport4club.be\/index.php\/wp-json\/wp\/v2\/comments?post=4888"}],"wp:featuredmedia":[{"embeddable":true,"href":"https:\/\/www.sport4club.be\/index.php\/wp-json\/wp\/v2\/media\/4889"}],"wp:attachment":[{"href":"https:\/\/www.sport4club.be\/index.php\/wp-json\/wp\/v2\/media?parent=4888"}],"wp:term":[{"taxonomy":"product_cat","embeddable":true,"href":"https:\/\/www.sport4club.be\/index.php\/wp-json\/wp\/v2\/product_cat?post=4888"},{"taxonomy":"product_tag","embeddable":true,"href":"https:\/\/www.sport4club.be\/index.php\/wp-json\/wp\/v2\/product_tag?post=4888"}],"curies":[{"name":"wp","href":"https:\/\/api.w.org\/{rel}","templated":true}]}}