{"id":4876,"date":"2018-11-16T11:35:52","date_gmt":"2018-11-16T10:35:52","guid":{"rendered":"https:\/\/www.sport4club.be\/index.php\/product\/slazenger-wimbledon-tube-4-balles\/"},"modified":"2024-12-06T15:19:05","modified_gmt":"2024-12-06T14:19:05","slug":"slazenger-wimbledon-tube-4-balles","status":"publish","type":"product","link":"https:\/\/www.sport4club.be\/index.php\/product\/slazenger-wimbledon-tube-4-balles\/","title":{"rendered":"Slazenger WIMBLEDON (TUBE 4 BALLES)"},"content":{"rendered":"<p>Les balles de tennis Slazenger pressuris\u00e9es sont de haute qualit\u00e9 et destin\u00e9es aux grands tournois de tennis.<br \/>\nElles poss\u00e8dent un feutre Ultra Vis de qualit\u00e9 sup\u00e9rieure; le rev\u00eatement de cette balle de tennis fait qu&#8217;elle soit beaucoup plus visible lors du match ou entrainement qu&#8217;une balle enrob\u00e9e d&#8217;un feutre standard.<\/p>\n<p>&nbsp;<\/p>\n","protected":false},"excerpt":{"rendered":"<p>Les balles de tennis Slazenger pressuris\u00e9es sont de haute qualit\u00e9 et destin\u00e9es aux grands tournois de tennis. Elles poss\u00e8dent un feutre Ultra Vis de qualit\u00e9 sup\u00e9rieure; le rev\u00eatement de cette balle de tennis fait qu&#8217;elle soit beaucoup plus visible lors du match ou entrainement qu&#8217;une balle enrob\u00e9e d&#8217;un feutre standard. &nbsp;<\/p>\n","protected":false},"featured_media":114310,"comment_status":"closed","ping_status":"closed","template":"","meta":[],"product_cat":[106],"product_tag":[],"_links":{"self":[{"href":"https:\/\/www.sport4club.be\/index.php\/wp-json\/wp\/v2\/product\/4876"}],"collection":[{"href":"https:\/\/www.sport4club.be\/index.php\/wp-json\/wp\/v2\/product"}],"about":[{"href":"https:\/\/www.sport4club.be\/index.php\/wp-json\/wp\/v2\/types\/product"}],"replies":[{"embeddable":true,"href":"https:\/\/www.sport4club.be\/index.php\/wp-json\/wp\/v2\/comments?post=4876"}],"wp:featuredmedia":[{"embeddable":true,"href":"https:\/\/www.sport4club.be\/index.php\/wp-json\/wp\/v2\/media\/114310"}],"wp:attachment":[{"href":"https:\/\/www.sport4club.be\/index.php\/wp-json\/wp\/v2\/media?parent=4876"}],"wp:term":[{"taxonomy":"product_cat","embeddable":true,"href":"https:\/\/www.sport4club.be\/index.php\/wp-json\/wp\/v2\/product_cat?post=4876"},{"taxonomy":"product_tag","embeddable":true,"href":"https:\/\/www.sport4club.be\/index.php\/wp-json\/wp\/v2\/product_tag?post=4876"}],"curies":[{"name":"wp","href":"https:\/\/api.w.org\/{rel}","templated":true}]}}