{"id":4874,"date":"2018-11-16T11:35:52","date_gmt":"2018-11-16T10:35:52","guid":{"rendered":"https:\/\/www.sport4club.be\/index.php\/product\/dunlop-stage-3-rouge-sac-12-balles\/"},"modified":"2024-09-06T07:58:05","modified_gmt":"2024-09-06T05:58:05","slug":"dunlop-stage-3-rouge-sac-12-balles","status":"publish","type":"product","link":"https:\/\/www.sport4club.be\/index.php\/product\/dunlop-stage-3-rouge-sac-12-balles\/","title":{"rendered":"Dunlop STAGE 3 ROUGE (SACHET 12 BALLES)"},"content":{"rendered":"<p>Ces balles rouges Dunlop Stage 3 sont plus grosses et plus lentes.<br \/>\nElles sont id\u00e9ales pour les d\u00e9butants afin de perfectionner leur technique \u00e0 leur rythme.<\/p>\n<p>Diam\u00e8tre balle : 7 cm<\/p>\n","protected":false},"excerpt":{"rendered":"<p>Ces balles rouges Dunlop Stage 3 sont plus grosses et plus lentes. Elles sont id\u00e9ales pour les d\u00e9butants afin de perfectionner leur technique \u00e0 leur rythme. Diam\u00e8tre balle : 7 cm<\/p>\n","protected":false},"featured_media":4875,"comment_status":"open","ping_status":"closed","template":"","meta":[],"product_cat":[106],"product_tag":[],"_links":{"self":[{"href":"https:\/\/www.sport4club.be\/index.php\/wp-json\/wp\/v2\/product\/4874"}],"collection":[{"href":"https:\/\/www.sport4club.be\/index.php\/wp-json\/wp\/v2\/product"}],"about":[{"href":"https:\/\/www.sport4club.be\/index.php\/wp-json\/wp\/v2\/types\/product"}],"replies":[{"embeddable":true,"href":"https:\/\/www.sport4club.be\/index.php\/wp-json\/wp\/v2\/comments?post=4874"}],"wp:featuredmedia":[{"embeddable":true,"href":"https:\/\/www.sport4club.be\/index.php\/wp-json\/wp\/v2\/media\/4875"}],"wp:attachment":[{"href":"https:\/\/www.sport4club.be\/index.php\/wp-json\/wp\/v2\/media?parent=4874"}],"wp:term":[{"taxonomy":"product_cat","embeddable":true,"href":"https:\/\/www.sport4club.be\/index.php\/wp-json\/wp\/v2\/product_cat?post=4874"},{"taxonomy":"product_tag","embeddable":true,"href":"https:\/\/www.sport4club.be\/index.php\/wp-json\/wp\/v2\/product_tag?post=4874"}],"curies":[{"name":"wp","href":"https:\/\/api.w.org\/{rel}","templated":true}]}}