{"id":4857,"date":"2018-11-16T11:35:47","date_gmt":"2018-11-16T10:35:47","guid":{"rendered":"https:\/\/www.sport4club.be\/index.php\/product\/dunlop-fort-clay-court-carton-18-tubes\/"},"modified":"2025-07-30T13:19:37","modified_gmt":"2025-07-30T11:19:37","slug":"dunlop-fort-clay-court-carton-18-tubes","status":"publish","type":"product","link":"https:\/\/www.sport4club.be\/index.php\/product\/dunlop-fort-clay-court-carton-18-tubes\/","title":{"rendered":"Dunlop FORT CLAY COURT (18x4balles)"},"content":{"rendered":"<p>Retrouvez la balle de tennis\u00a0Dunlop Fort Clay Court en\u00a0carton de 18 tubes\u00a0contenant chacun\u00a04 balles.<\/p>\n<p>La balle Dunlop Fort Clay Court est une balle vive, performante et r\u00e9sistante. Le noyau HD de Dunlop fait des merveilles associ\u00e9 au\u00a0feutre Clay Guard.<\/p>\n<p>Cette technologie a \u00e9t\u00e9 sp\u00e9cialement con\u00e7ue par Dunlop pour r\u00e9pondre aux\u00a0exigences de la terre battue\u00a0tout en offrant une visibilit\u00e9 accrue.<\/p>\n<ul>\n<li>la technologie Clay Guard con\u00e7u pour la terre battue permet une\u00a0visibilit\u00e9 accrue\u00a0et plus durable du\u00a0feutre\u00a0;<\/li>\n<li>La technologie\u00a0HD Core\u00a0offre une r\u00e9sistance exceptionnelle pour des performances de jeu qui dure dans le temps.<\/li>\n<\/ul>\n","protected":false},"excerpt":{"rendered":"<p>Retrouvez la balle de tennis\u00a0Dunlop Fort Clay Court en\u00a0carton de 18 tubes\u00a0contenant chacun\u00a04 balles. La balle Dunlop Fort Clay Court est une balle vive, performante et r\u00e9sistante. Le noyau HD de Dunlop fait des merveilles associ\u00e9 au\u00a0feutre Clay Guard. Cette technologie a \u00e9t\u00e9 sp\u00e9cialement con\u00e7ue par Dunlop pour r\u00e9pondre aux\u00a0exigences de la terre battue\u00a0tout en [&hellip;]<\/p>\n","protected":false},"featured_media":115148,"comment_status":"open","ping_status":"closed","template":"","meta":[],"product_cat":[106],"product_tag":[],"_links":{"self":[{"href":"https:\/\/www.sport4club.be\/index.php\/wp-json\/wp\/v2\/product\/4857"}],"collection":[{"href":"https:\/\/www.sport4club.be\/index.php\/wp-json\/wp\/v2\/product"}],"about":[{"href":"https:\/\/www.sport4club.be\/index.php\/wp-json\/wp\/v2\/types\/product"}],"replies":[{"embeddable":true,"href":"https:\/\/www.sport4club.be\/index.php\/wp-json\/wp\/v2\/comments?post=4857"}],"wp:featuredmedia":[{"embeddable":true,"href":"https:\/\/www.sport4club.be\/index.php\/wp-json\/wp\/v2\/media\/115148"}],"wp:attachment":[{"href":"https:\/\/www.sport4club.be\/index.php\/wp-json\/wp\/v2\/media?parent=4857"}],"wp:term":[{"taxonomy":"product_cat","embeddable":true,"href":"https:\/\/www.sport4club.be\/index.php\/wp-json\/wp\/v2\/product_cat?post=4857"},{"taxonomy":"product_tag","embeddable":true,"href":"https:\/\/www.sport4club.be\/index.php\/wp-json\/wp\/v2\/product_tag?post=4857"}],"curies":[{"name":"wp","href":"https:\/\/api.w.org\/{rel}","templated":true}]}}