{"id":4854,"date":"2018-11-16T11:35:47","date_gmt":"2018-11-16T10:35:47","guid":{"rendered":"https:\/\/www.sport4club.be\/index.php\/product\/dunlop-fort-all-court-carton-18-tubes\/"},"modified":"2026-04-15T14:43:23","modified_gmt":"2026-04-15T12:43:23","slug":"dunlop-fort-all-court-carton-18-tubes","status":"publish","type":"product","link":"https:\/\/www.sport4club.be\/index.php\/product\/dunlop-fort-all-court-carton-18-tubes\/","title":{"rendered":"Dunlop FORT ALL COURT (9 Bipacks x4balles)"},"content":{"rendered":"<p>Cette\u00a0<strong>balle de tennis Dunlop Fort<\/strong>\u00a0a \u00e9t\u00e9 sp\u00e9cialement con\u00e7ue pour le jeu \u00e9lite sur toutes les surfaces.<\/p>\n<p>L\u2019introduction d\u2019une nouvelle technologie dans le noyau et le feutre ont permis de cr\u00e9er la balle de tennis aux performance ultimes.<\/p>\n<p>Le nouveau feutre Dunlop HD est constitu\u00e9 d\u2019un feutre tiss\u00e9 premium playnes, sp\u00e9cialement teint pour accro\u00eetre sa visibilit\u00e9.<\/p>\n<p>Tube fabriqu\u00e9 \u00e0 30% en plastique recycl\u00e9 + couvercle et papier recycl\u00e9s<\/p>\n","protected":false},"excerpt":{"rendered":"<p>Cette\u00a0balle de tennis Dunlop Fort\u00a0a \u00e9t\u00e9 sp\u00e9cialement con\u00e7ue pour le jeu \u00e9lite sur toutes les surfaces. L\u2019introduction d\u2019une nouvelle technologie dans le noyau et le feutre ont permis de cr\u00e9er la balle de tennis aux performance ultimes. Le nouveau feutre Dunlop HD est constitu\u00e9 d\u2019un feutre tiss\u00e9 premium playnes, sp\u00e9cialement teint pour accro\u00eetre sa visibilit\u00e9. [&hellip;]<\/p>\n","protected":false},"featured_media":114819,"comment_status":"open","ping_status":"closed","template":"","meta":[],"product_cat":[106],"product_tag":[],"_links":{"self":[{"href":"https:\/\/www.sport4club.be\/index.php\/wp-json\/wp\/v2\/product\/4854"}],"collection":[{"href":"https:\/\/www.sport4club.be\/index.php\/wp-json\/wp\/v2\/product"}],"about":[{"href":"https:\/\/www.sport4club.be\/index.php\/wp-json\/wp\/v2\/types\/product"}],"replies":[{"embeddable":true,"href":"https:\/\/www.sport4club.be\/index.php\/wp-json\/wp\/v2\/comments?post=4854"}],"wp:featuredmedia":[{"embeddable":true,"href":"https:\/\/www.sport4club.be\/index.php\/wp-json\/wp\/v2\/media\/114819"}],"wp:attachment":[{"href":"https:\/\/www.sport4club.be\/index.php\/wp-json\/wp\/v2\/media?parent=4854"}],"wp:term":[{"taxonomy":"product_cat","embeddable":true,"href":"https:\/\/www.sport4club.be\/index.php\/wp-json\/wp\/v2\/product_cat?post=4854"},{"taxonomy":"product_tag","embeddable":true,"href":"https:\/\/www.sport4club.be\/index.php\/wp-json\/wp\/v2\/product_tag?post=4854"}],"curies":[{"name":"wp","href":"https:\/\/api.w.org\/{rel}","templated":true}]}}