{"id":4850,"date":"2018-11-16T11:35:46","date_gmt":"2018-11-16T10:35:46","guid":{"rendered":"https:\/\/www.sport4club.be\/index.php\/product\/wilson-starter-foam-sac-6-balles\/"},"modified":"2024-08-22T10:09:19","modified_gmt":"2024-08-22T08:09:19","slug":"wilson-starter-foam-sac-6-balles","status":"publish","type":"product","link":"https:\/\/www.sport4club.be\/index.php\/product\/wilson-starter-foam-sac-6-balles\/","title":{"rendered":"Wilson STARTER FOAM (SAC 6 BALLES)"},"content":{"rendered":"<p>Sachet de 6 balles en mousse Wilson Strarter Foam parfaites pour l&#8217;initiation du tennis. Elle suit les recommandations de l&#8217;ITF et de son programme Play &amp; Stay. Cette balle en mousse est plus grosse et moins rapide qu&#8217;une balle standard; elle est id\u00e9ale pour les adultes d\u00e9butants et les enfants de 3 \u00e0 8 ans. Elle permet une meilleure appr\u00e9hension de la balle, de l&#8217;espace et du geste.<\/p>\n","protected":false},"excerpt":{"rendered":"<p>Sachet de 6 balles en mousse Wilson Strarter Foam parfaites pour l&#8217;initiation du tennis. Elle suit les recommandations de l&#8217;ITF et de son programme Play &amp; Stay. Cette balle en mousse est plus grosse et moins rapide qu&#8217;une balle standard; elle est id\u00e9ale pour les adultes d\u00e9butants et les enfants de 3 \u00e0 8 ans. [&hellip;]<\/p>\n","protected":false},"featured_media":12315,"comment_status":"open","ping_status":"closed","template":"","meta":[],"product_cat":[106],"product_tag":[],"_links":{"self":[{"href":"https:\/\/www.sport4club.be\/index.php\/wp-json\/wp\/v2\/product\/4850"}],"collection":[{"href":"https:\/\/www.sport4club.be\/index.php\/wp-json\/wp\/v2\/product"}],"about":[{"href":"https:\/\/www.sport4club.be\/index.php\/wp-json\/wp\/v2\/types\/product"}],"replies":[{"embeddable":true,"href":"https:\/\/www.sport4club.be\/index.php\/wp-json\/wp\/v2\/comments?post=4850"}],"wp:featuredmedia":[{"embeddable":true,"href":"https:\/\/www.sport4club.be\/index.php\/wp-json\/wp\/v2\/media\/12315"}],"wp:attachment":[{"href":"https:\/\/www.sport4club.be\/index.php\/wp-json\/wp\/v2\/media?parent=4850"}],"wp:term":[{"taxonomy":"product_cat","embeddable":true,"href":"https:\/\/www.sport4club.be\/index.php\/wp-json\/wp\/v2\/product_cat?post=4850"},{"taxonomy":"product_tag","embeddable":true,"href":"https:\/\/www.sport4club.be\/index.php\/wp-json\/wp\/v2\/product_tag?post=4850"}],"curies":[{"name":"wp","href":"https:\/\/api.w.org\/{rel}","templated":true}]}}