{"id":4835,"date":"2018-11-16T11:35:44","date_gmt":"2018-11-16T10:35:44","guid":{"rendered":"https:\/\/www.sport4club.be\/index.php\/product\/wilson-starter-play-green-tube-4-balles\/"},"modified":"2021-11-20T09:14:05","modified_gmt":"2021-11-20T08:14:05","slug":"wilson-starter-play-green-tube-4-balles","status":"publish","type":"product","link":"https:\/\/www.sport4club.be\/index.php\/product\/wilson-starter-play-green-tube-4-balles\/","title":{"rendered":"Wilson STARTER PLAY GREEN (TUBE 4 BALLES)"},"content":{"rendered":"<p>Ces balles de tennis Wilson Starter Play sont des balles de tennis d\u00eetes &#8220;interm\u00e9diaires&#8221;.<\/p>\n<p>Ces balles sont sp\u00e9cialement adapt\u00e9es aux enfants qui commencent le tennis de comp\u00e9tition. Elle permettent de r\u00e9duire la vitesse de la balle ainsi que la hauteur du rebond. Elles sont \u00e9galement plus l\u00e9g\u00e8res pour permettre \u00e0 l&#8217;enfant de faire des \u00e9changes sans trop d&#8217;efforts.<\/p>\n<p>Elles peuvent \u00e9galement parfaitement s&#8217;adapter aux adultes d\u00e9butants puisqu&#8217;elles permettent de prendre du plaisir d\u00e8s les premier coup de raquettes.<\/p>\n","protected":false},"excerpt":{"rendered":"<p>Ces balles de tennis Wilson Starter Play sont des balles de tennis d\u00eetes &#8220;interm\u00e9diaires&#8221;. Ces balles sont sp\u00e9cialement adapt\u00e9es aux enfants qui commencent le tennis de comp\u00e9tition. Elle permettent de r\u00e9duire la vitesse de la balle ainsi que la hauteur du rebond. Elles sont \u00e9galement plus l\u00e9g\u00e8res pour permettre \u00e0 l&#8217;enfant de faire des \u00e9changes [&hellip;]<\/p>\n","protected":false},"featured_media":12317,"comment_status":"open","ping_status":"closed","template":"","meta":[],"product_cat":[106],"product_tag":[],"_links":{"self":[{"href":"https:\/\/www.sport4club.be\/index.php\/wp-json\/wp\/v2\/product\/4835"}],"collection":[{"href":"https:\/\/www.sport4club.be\/index.php\/wp-json\/wp\/v2\/product"}],"about":[{"href":"https:\/\/www.sport4club.be\/index.php\/wp-json\/wp\/v2\/types\/product"}],"replies":[{"embeddable":true,"href":"https:\/\/www.sport4club.be\/index.php\/wp-json\/wp\/v2\/comments?post=4835"}],"wp:featuredmedia":[{"embeddable":true,"href":"https:\/\/www.sport4club.be\/index.php\/wp-json\/wp\/v2\/media\/12317"}],"wp:attachment":[{"href":"https:\/\/www.sport4club.be\/index.php\/wp-json\/wp\/v2\/media?parent=4835"}],"wp:term":[{"taxonomy":"product_cat","embeddable":true,"href":"https:\/\/www.sport4club.be\/index.php\/wp-json\/wp\/v2\/product_cat?post=4835"},{"taxonomy":"product_tag","embeddable":true,"href":"https:\/\/www.sport4club.be\/index.php\/wp-json\/wp\/v2\/product_tag?post=4835"}],"curies":[{"name":"wp","href":"https:\/\/api.w.org\/{rel}","templated":true}]}}