{"id":4833,"date":"2018-11-16T11:35:44","date_gmt":"2018-11-16T10:35:44","guid":{"rendered":"https:\/\/www.sport4club.be\/index.php\/product\/wilson-team-trainer-baril-72-balles\/"},"modified":"2021-11-20T09:14:41","modified_gmt":"2021-11-20T08:14:41","slug":"wilson-team-trainer-baril-72-balles","status":"publish","type":"product","link":"https:\/\/www.sport4club.be\/index.php\/product\/wilson-team-trainer-baril-72-balles\/","title":{"rendered":"Wilson TEAM TRAINER (BARIL 72 BALLES)"},"content":{"rendered":"<p>Les balles de tennis Wilson Trainer sont des balles de tennis sans pression offrant une grande long\u00e9vit\u00e9. Elles sont id\u00e9ales pour les \u00e9coles de tennis, les clubs et les entraineurs. Un seau est \u00e9galement pr\u00e9vu pour vous permettre de transporter facilement les balles.<\/p>\n","protected":false},"excerpt":{"rendered":"<p>Les balles de tennis Wilson Trainer sont des balles de tennis sans pression offrant une grande long\u00e9vit\u00e9. Elles sont id\u00e9ales pour les \u00e9coles de tennis, les clubs et les entraineurs. Un seau est \u00e9galement pr\u00e9vu pour vous permettre de transporter facilement les balles.<\/p>\n","protected":false},"featured_media":12319,"comment_status":"open","ping_status":"closed","template":"","meta":[],"product_cat":[106],"product_tag":[],"_links":{"self":[{"href":"https:\/\/www.sport4club.be\/index.php\/wp-json\/wp\/v2\/product\/4833"}],"collection":[{"href":"https:\/\/www.sport4club.be\/index.php\/wp-json\/wp\/v2\/product"}],"about":[{"href":"https:\/\/www.sport4club.be\/index.php\/wp-json\/wp\/v2\/types\/product"}],"replies":[{"embeddable":true,"href":"https:\/\/www.sport4club.be\/index.php\/wp-json\/wp\/v2\/comments?post=4833"}],"wp:featuredmedia":[{"embeddable":true,"href":"https:\/\/www.sport4club.be\/index.php\/wp-json\/wp\/v2\/media\/12319"}],"wp:attachment":[{"href":"https:\/\/www.sport4club.be\/index.php\/wp-json\/wp\/v2\/media?parent=4833"}],"wp:term":[{"taxonomy":"product_cat","embeddable":true,"href":"https:\/\/www.sport4club.be\/index.php\/wp-json\/wp\/v2\/product_cat?post=4833"},{"taxonomy":"product_tag","embeddable":true,"href":"https:\/\/www.sport4club.be\/index.php\/wp-json\/wp\/v2\/product_tag?post=4833"}],"curies":[{"name":"wp","href":"https:\/\/api.w.org\/{rel}","templated":true}]}}