{"id":4831,"date":"2018-11-16T11:35:44","date_gmt":"2018-11-16T10:35:44","guid":{"rendered":"https:\/\/www.sport4club.be\/index.php\/product\/wilson-team-trainer-sac-96-balles\/"},"modified":"2021-11-20T09:09:05","modified_gmt":"2021-11-20T08:09:05","slug":"wilson-team-trainer-sac-96-balles","status":"publish","type":"product","link":"https:\/\/www.sport4club.be\/index.php\/product\/wilson-team-trainer-sac-96-balles\/","title":{"rendered":"Wilson TEAM TRAINER (SAC 96 BALLES)"},"content":{"rendered":"<p>Les balles de tennis Wilson Trainer sont des balles de tennis sans pression offrant une grande long\u00e9vit\u00e9. Elles sont id\u00e9ales pour les \u00e9coles de tennis, les clubs et les entra\u00eeneurs.<\/p>\n","protected":false},"excerpt":{"rendered":"<p>Les balles de tennis Wilson Trainer sont des balles de tennis sans pression offrant une grande long\u00e9vit\u00e9. Elles sont id\u00e9ales pour les \u00e9coles de tennis, les clubs et les entra\u00eeneurs.<\/p>\n","protected":false},"featured_media":12320,"comment_status":"open","ping_status":"closed","template":"","meta":[],"product_cat":[106],"product_tag":[],"_links":{"self":[{"href":"https:\/\/www.sport4club.be\/index.php\/wp-json\/wp\/v2\/product\/4831"}],"collection":[{"href":"https:\/\/www.sport4club.be\/index.php\/wp-json\/wp\/v2\/product"}],"about":[{"href":"https:\/\/www.sport4club.be\/index.php\/wp-json\/wp\/v2\/types\/product"}],"replies":[{"embeddable":true,"href":"https:\/\/www.sport4club.be\/index.php\/wp-json\/wp\/v2\/comments?post=4831"}],"wp:featuredmedia":[{"embeddable":true,"href":"https:\/\/www.sport4club.be\/index.php\/wp-json\/wp\/v2\/media\/12320"}],"wp:attachment":[{"href":"https:\/\/www.sport4club.be\/index.php\/wp-json\/wp\/v2\/media?parent=4831"}],"wp:term":[{"taxonomy":"product_cat","embeddable":true,"href":"https:\/\/www.sport4club.be\/index.php\/wp-json\/wp\/v2\/product_cat?post=4831"},{"taxonomy":"product_tag","embeddable":true,"href":"https:\/\/www.sport4club.be\/index.php\/wp-json\/wp\/v2\/product_tag?post=4831"}],"curies":[{"name":"wp","href":"https:\/\/api.w.org\/{rel}","templated":true}]}}