{"id":4830,"date":"2018-11-16T11:35:43","date_gmt":"2018-11-16T10:35:43","guid":{"rendered":"https:\/\/www.sport4club.be\/index.php\/product\/wilson-us-open-carton-18-tubes\/"},"modified":"2025-05-27T10:10:45","modified_gmt":"2025-05-27T08:10:45","slug":"wilson-us-open-carton-18-tubes","status":"publish","type":"product","link":"https:\/\/www.sport4club.be\/index.php\/product\/wilson-us-open-carton-18-tubes\/","title":{"rendered":"Wilson US OPEN (CARTON 18 x 4 balles)"},"content":{"rendered":"<p>La balle de tennis Wilson US Open est la balle officielle du tournoi du grand chelem de l\u2019US Open depuis 1978. Cette balle int\u00e8gre un feutre haut de gamme de la soci\u00e9t\u00e9 Tex\/Tech Industries pour vous offrir des performances et une r\u00e9sistance optimales sur les surfaces dures.<\/p>\n","protected":false},"excerpt":{"rendered":"<p>La balle de tennis Wilson US Open est la balle officielle du tournoi du grand chelem de l\u2019US Open depuis 1978. Cette balle int\u00e8gre un feutre haut de gamme de la soci\u00e9t\u00e9 Tex\/Tech Industries pour vous offrir des performances et une r\u00e9sistance optimales sur les surfaces dures.<\/p>\n","protected":false},"featured_media":12324,"comment_status":"open","ping_status":"closed","template":"","meta":[],"product_cat":[106],"product_tag":[],"_links":{"self":[{"href":"https:\/\/www.sport4club.be\/index.php\/wp-json\/wp\/v2\/product\/4830"}],"collection":[{"href":"https:\/\/www.sport4club.be\/index.php\/wp-json\/wp\/v2\/product"}],"about":[{"href":"https:\/\/www.sport4club.be\/index.php\/wp-json\/wp\/v2\/types\/product"}],"replies":[{"embeddable":true,"href":"https:\/\/www.sport4club.be\/index.php\/wp-json\/wp\/v2\/comments?post=4830"}],"wp:featuredmedia":[{"embeddable":true,"href":"https:\/\/www.sport4club.be\/index.php\/wp-json\/wp\/v2\/media\/12324"}],"wp:attachment":[{"href":"https:\/\/www.sport4club.be\/index.php\/wp-json\/wp\/v2\/media?parent=4830"}],"wp:term":[{"taxonomy":"product_cat","embeddable":true,"href":"https:\/\/www.sport4club.be\/index.php\/wp-json\/wp\/v2\/product_cat?post=4830"},{"taxonomy":"product_tag","embeddable":true,"href":"https:\/\/www.sport4club.be\/index.php\/wp-json\/wp\/v2\/product_tag?post=4830"}],"curies":[{"name":"wp","href":"https:\/\/api.w.org\/{rel}","templated":true}]}}