{"id":4826,"date":"2018-11-16T11:35:40","date_gmt":"2018-11-16T10:35:40","guid":{"rendered":"https:\/\/www.sport4club.be\/index.php\/product\/babolat-red-foam-sac-zippe-24-balles\/"},"modified":"2021-02-24T17:35:18","modified_gmt":"2021-02-24T16:35:18","slug":"babolat-red-foam-sac-zippe-24-balles","status":"publish","type":"product","link":"https:\/\/www.sport4club.be\/index.php\/product\/babolat-red-foam-sac-zippe-24-balles\/","title":{"rendered":"Babolat RED FOAM (SAC ZIPPE 24 BALLES)"},"content":{"rendered":"<p><em>La balle B Ball s&#8217;int\u00e8gre dans la gamme initiation de Babolat. Elle suit les recommandations de l&#8217;ITF et de son programme Play &amp; Stay.<\/em><\/p>\n<p><em>Cette balle en mousse est plus grosse et moins rapide qu&#8217;une balle standard; elle est id\u00e9ale pour les adultes d\u00e9butants et les enfants de 3 \u00e0 8 ans.<\/em><\/p>\n<p><em>Elle permet une meilleure appr\u00e9hension de la balle, de l&#8217;espace et du geste.<\/em><\/p>\n<p><em>Sac zipp\u00e9 de 24 balles.<\/em><\/p>\n","protected":false},"excerpt":{"rendered":"<p>La balle B Ball s&#8217;int\u00e8gre dans la gamme initiation de Babolat. Elle suit les recommandations de l&#8217;ITF et de son programme Play &amp; Stay. Cette balle en mousse est plus grosse et moins rapide qu&#8217;une balle standard; elle est id\u00e9ale pour les adultes d\u00e9butants et les enfants de 3 \u00e0 8 ans. Elle permet une [&hellip;]<\/p>\n","protected":false},"featured_media":4827,"comment_status":"open","ping_status":"closed","template":"","meta":[],"product_cat":[106],"product_tag":[],"_links":{"self":[{"href":"https:\/\/www.sport4club.be\/index.php\/wp-json\/wp\/v2\/product\/4826"}],"collection":[{"href":"https:\/\/www.sport4club.be\/index.php\/wp-json\/wp\/v2\/product"}],"about":[{"href":"https:\/\/www.sport4club.be\/index.php\/wp-json\/wp\/v2\/types\/product"}],"replies":[{"embeddable":true,"href":"https:\/\/www.sport4club.be\/index.php\/wp-json\/wp\/v2\/comments?post=4826"}],"wp:featuredmedia":[{"embeddable":true,"href":"https:\/\/www.sport4club.be\/index.php\/wp-json\/wp\/v2\/media\/4827"}],"wp:attachment":[{"href":"https:\/\/www.sport4club.be\/index.php\/wp-json\/wp\/v2\/media?parent=4826"}],"wp:term":[{"taxonomy":"product_cat","embeddable":true,"href":"https:\/\/www.sport4club.be\/index.php\/wp-json\/wp\/v2\/product_cat?post=4826"},{"taxonomy":"product_tag","embeddable":true,"href":"https:\/\/www.sport4club.be\/index.php\/wp-json\/wp\/v2\/product_tag?post=4826"}],"curies":[{"name":"wp","href":"https:\/\/api.w.org\/{rel}","templated":true}]}}