{"id":4823,"date":"2018-11-16T11:35:40","date_gmt":"2018-11-16T10:35:40","guid":{"rendered":"https:\/\/www.sport4club.be\/index.php\/product\/babolat-soft-foam-sac-36-balles\/"},"modified":"2021-12-20T18:02:42","modified_gmt":"2021-12-20T17:02:42","slug":"babolat-soft-foam-sac-36-balles","status":"publish","type":"product","link":"https:\/\/www.sport4club.be\/index.php\/product\/babolat-soft-foam-sac-36-balles\/","title":{"rendered":"Babolat SOFT FOAM (SAC 36 BALLES)"},"content":{"rendered":"<p><em>La balle en mousse Babolat soft sera id\u00e9ale pour les jeunes enfants d\u00e9butant le tennis.<\/em><\/p>\n<p><em>Plus tendre et plus l\u00e9g\u00e8re qu&#8217;une balle standard, elle sera plus confortable \u00e0 l&#8217;impact. Son rebond beaucoup plus bas qu&#8217;une balle dure, adapt\u00e9 \u00e0 la taille des jeunes enfants, favorisera les \u00e9changes pour une progression garantie !<\/em><\/p>\n<p><em>Dimensions : Entre 7.60cm et 8.10cm de diam\u00e8tre<\/em><\/p>\n","protected":false},"excerpt":{"rendered":"<p>La balle en mousse Babolat soft sera id\u00e9ale pour les jeunes enfants d\u00e9butant le tennis. Plus tendre et plus l\u00e9g\u00e8re qu&#8217;une balle standard, elle sera plus confortable \u00e0 l&#8217;impact. Son rebond beaucoup plus bas qu&#8217;une balle dure, adapt\u00e9 \u00e0 la taille des jeunes enfants, favorisera les \u00e9changes pour une progression garantie ! Dimensions : Entre [&hellip;]<\/p>\n","protected":false},"featured_media":10476,"comment_status":"open","ping_status":"closed","template":"","meta":[],"product_cat":[106],"product_tag":[],"_links":{"self":[{"href":"https:\/\/www.sport4club.be\/index.php\/wp-json\/wp\/v2\/product\/4823"}],"collection":[{"href":"https:\/\/www.sport4club.be\/index.php\/wp-json\/wp\/v2\/product"}],"about":[{"href":"https:\/\/www.sport4club.be\/index.php\/wp-json\/wp\/v2\/types\/product"}],"replies":[{"embeddable":true,"href":"https:\/\/www.sport4club.be\/index.php\/wp-json\/wp\/v2\/comments?post=4823"}],"wp:featuredmedia":[{"embeddable":true,"href":"https:\/\/www.sport4club.be\/index.php\/wp-json\/wp\/v2\/media\/10476"}],"wp:attachment":[{"href":"https:\/\/www.sport4club.be\/index.php\/wp-json\/wp\/v2\/media?parent=4823"}],"wp:term":[{"taxonomy":"product_cat","embeddable":true,"href":"https:\/\/www.sport4club.be\/index.php\/wp-json\/wp\/v2\/product_cat?post=4823"},{"taxonomy":"product_tag","embeddable":true,"href":"https:\/\/www.sport4club.be\/index.php\/wp-json\/wp\/v2\/product_tag?post=4823"}],"curies":[{"name":"wp","href":"https:\/\/api.w.org\/{rel}","templated":true}]}}