{"id":4820,"date":"2018-11-16T11:35:39","date_gmt":"2018-11-16T10:35:39","guid":{"rendered":"https:\/\/www.sport4club.be\/index.php\/product\/babolat-soft-foam-sac-3-balles\/"},"modified":"2022-04-26T08:22:00","modified_gmt":"2022-04-26T06:22:00","slug":"babolat-soft-foam-sac-3-balles","status":"publish","type":"product","link":"https:\/\/www.sport4club.be\/index.php\/product\/babolat-soft-foam-sac-3-balles\/","title":{"rendered":"Babolat SOFT FOAM (SAC 3 BALLES)"},"content":{"rendered":"<p><em>La balle en mousse Babolat soft sera id\u00e9ale pour les jeunes enfants d\u00e9butant le tennis.<\/em><\/p>\n<p><em>Plus tendre qu&#8217;une balle standard, elle sera plus confortable \u00e0 l&#8217;impact. Son rebond beaucoup plus bas qu&#8217;une balle dure, adapt\u00e9 \u00e0 la taille des jeunes enfants, favorisera les \u00e9changes pour une progression garantie !<\/em><\/p>\n<p><em>Le diam\u00e8tre de la balle est de 7.64 cm<\/em><\/p>\n","protected":false},"excerpt":{"rendered":"<p>La balle en mousse Babolat soft sera id\u00e9ale pour les jeunes enfants d\u00e9butant le tennis. Plus tendre qu&#8217;une balle standard, elle sera plus confortable \u00e0 l&#8217;impact. Son rebond beaucoup plus bas qu&#8217;une balle dure, adapt\u00e9 \u00e0 la taille des jeunes enfants, favorisera les \u00e9changes pour une progression garantie ! Le diam\u00e8tre de la balle est [&hellip;]<\/p>\n","protected":false},"featured_media":4821,"comment_status":"open","ping_status":"closed","template":"","meta":[],"product_cat":[106],"product_tag":[],"_links":{"self":[{"href":"https:\/\/www.sport4club.be\/index.php\/wp-json\/wp\/v2\/product\/4820"}],"collection":[{"href":"https:\/\/www.sport4club.be\/index.php\/wp-json\/wp\/v2\/product"}],"about":[{"href":"https:\/\/www.sport4club.be\/index.php\/wp-json\/wp\/v2\/types\/product"}],"replies":[{"embeddable":true,"href":"https:\/\/www.sport4club.be\/index.php\/wp-json\/wp\/v2\/comments?post=4820"}],"wp:featuredmedia":[{"embeddable":true,"href":"https:\/\/www.sport4club.be\/index.php\/wp-json\/wp\/v2\/media\/4821"}],"wp:attachment":[{"href":"https:\/\/www.sport4club.be\/index.php\/wp-json\/wp\/v2\/media?parent=4820"}],"wp:term":[{"taxonomy":"product_cat","embeddable":true,"href":"https:\/\/www.sport4club.be\/index.php\/wp-json\/wp\/v2\/product_cat?post=4820"},{"taxonomy":"product_tag","embeddable":true,"href":"https:\/\/www.sport4club.be\/index.php\/wp-json\/wp\/v2\/product_tag?post=4820"}],"curies":[{"name":"wp","href":"https:\/\/api.w.org\/{rel}","templated":true}]}}