{"id":4815,"date":"2018-11-16T11:35:38","date_gmt":"2018-11-16T10:35:38","guid":{"rendered":"https:\/\/www.sport4club.be\/index.php\/product\/babolat-orange-sac-36-balles\/"},"modified":"2023-04-19T08:54:17","modified_gmt":"2023-04-19T06:54:17","slug":"babolat-orange-sac-36-balles","status":"publish","type":"product","link":"https:\/\/www.sport4club.be\/index.php\/product\/babolat-orange-sac-36-balles\/","title":{"rendered":"Babolat ORANGE (SAC 36 BALLES)"},"content":{"rendered":"<p><em>La balle Kid s&#8217;int\u00e8gre dans la gamme initiation de Babolat.<\/em><br \/>\n<em>Elle suit les recommandations de l&#8217;ITF et de son programme Play &amp; Stay.<\/em><br \/>\n<em>Cette balle interm\u00e9diaire est 50% moins rapide qu&#8217;une balle standard et la hauteur de son rebond sera adpat\u00e9e \u00e0 la taille des enfants jouant au mini tennis.<\/em><\/p>\n<p><em>Ce sac de 36 balles vous permettra de recharger un baril.<\/em><\/p>\n","protected":false},"excerpt":{"rendered":"<p>La balle Kid s&#8217;int\u00e8gre dans la gamme initiation de Babolat. Elle suit les recommandations de l&#8217;ITF et de son programme Play &amp; Stay. Cette balle interm\u00e9diaire est 50% moins rapide qu&#8217;une balle standard et la hauteur de son rebond sera adpat\u00e9e \u00e0 la taille des enfants jouant au mini tennis. Ce sac de 36 balles [&hellip;]<\/p>\n","protected":false},"featured_media":10472,"comment_status":"open","ping_status":"closed","template":"","meta":[],"product_cat":[106],"product_tag":[],"_links":{"self":[{"href":"https:\/\/www.sport4club.be\/index.php\/wp-json\/wp\/v2\/product\/4815"}],"collection":[{"href":"https:\/\/www.sport4club.be\/index.php\/wp-json\/wp\/v2\/product"}],"about":[{"href":"https:\/\/www.sport4club.be\/index.php\/wp-json\/wp\/v2\/types\/product"}],"replies":[{"embeddable":true,"href":"https:\/\/www.sport4club.be\/index.php\/wp-json\/wp\/v2\/comments?post=4815"}],"wp:featuredmedia":[{"embeddable":true,"href":"https:\/\/www.sport4club.be\/index.php\/wp-json\/wp\/v2\/media\/10472"}],"wp:attachment":[{"href":"https:\/\/www.sport4club.be\/index.php\/wp-json\/wp\/v2\/media?parent=4815"}],"wp:term":[{"taxonomy":"product_cat","embeddable":true,"href":"https:\/\/www.sport4club.be\/index.php\/wp-json\/wp\/v2\/product_cat?post=4815"},{"taxonomy":"product_tag","embeddable":true,"href":"https:\/\/www.sport4club.be\/index.php\/wp-json\/wp\/v2\/product_tag?post=4815"}],"curies":[{"name":"wp","href":"https:\/\/api.w.org\/{rel}","templated":true}]}}