{"id":4811,"date":"2018-11-16T11:35:38","date_gmt":"2018-11-16T10:35:38","guid":{"rendered":"https:\/\/www.sport4club.be\/index.php\/product\/babolat-orange-tube-3-balles\/"},"modified":"2022-04-26T08:20:56","modified_gmt":"2022-04-26T06:20:56","slug":"babolat-orange-tube-3-balles","status":"publish","type":"product","link":"https:\/\/www.sport4club.be\/index.php\/product\/babolat-orange-tube-3-balles\/","title":{"rendered":"Babolat ORANGE (TUBE 3 BALLES)"},"content":{"rendered":"<p><em>La balle Kid s&#8217;int\u00e8gre dans la gamme initiation de Babolat. Elle suit les recommandations de l&#8217;ITF et de son programme Play &amp; Stay.<\/em><\/p>\n<p><em>Cette balle interm\u00e9diaire est 50% moins rapide qu&#8217;une balle standard.<\/em><\/p>\n<p><em>Elle est id\u00e9ale pour les adultes d\u00e9butants et les enfants de 7 \u00e0 11 ans.<\/em><\/p>\n<p><em>Tube de 3 balles<\/em><\/p>\n","protected":false},"excerpt":{"rendered":"<p>La balle Kid s&#8217;int\u00e8gre dans la gamme initiation de Babolat. Elle suit les recommandations de l&#8217;ITF et de son programme Play &amp; Stay. Cette balle interm\u00e9diaire est 50% moins rapide qu&#8217;une balle standard. Elle est id\u00e9ale pour les adultes d\u00e9butants et les enfants de 7 \u00e0 11 ans. Tube de 3 balles<\/p>\n","protected":false},"featured_media":10473,"comment_status":"open","ping_status":"closed","template":"","meta":[],"product_cat":[106],"product_tag":[],"_links":{"self":[{"href":"https:\/\/www.sport4club.be\/index.php\/wp-json\/wp\/v2\/product\/4811"}],"collection":[{"href":"https:\/\/www.sport4club.be\/index.php\/wp-json\/wp\/v2\/product"}],"about":[{"href":"https:\/\/www.sport4club.be\/index.php\/wp-json\/wp\/v2\/types\/product"}],"replies":[{"embeddable":true,"href":"https:\/\/www.sport4club.be\/index.php\/wp-json\/wp\/v2\/comments?post=4811"}],"wp:featuredmedia":[{"embeddable":true,"href":"https:\/\/www.sport4club.be\/index.php\/wp-json\/wp\/v2\/media\/10473"}],"wp:attachment":[{"href":"https:\/\/www.sport4club.be\/index.php\/wp-json\/wp\/v2\/media?parent=4811"}],"wp:term":[{"taxonomy":"product_cat","embeddable":true,"href":"https:\/\/www.sport4club.be\/index.php\/wp-json\/wp\/v2\/product_cat?post=4811"},{"taxonomy":"product_tag","embeddable":true,"href":"https:\/\/www.sport4club.be\/index.php\/wp-json\/wp\/v2\/product_tag?post=4811"}],"curies":[{"name":"wp","href":"https:\/\/api.w.org\/{rel}","templated":true}]}}