{"id":4810,"date":"2018-11-16T11:35:37","date_gmt":"2018-11-16T10:35:37","guid":{"rendered":"https:\/\/www.sport4club.be\/index.php\/product\/babolat-green-sac-72-balles\/"},"modified":"2021-02-24T09:48:07","modified_gmt":"2021-02-24T08:48:07","slug":"babolat-green-sac-72-balles","status":"publish","type":"product","link":"https:\/\/www.sport4club.be\/index.php\/product\/babolat-green-sac-72-balles\/","title":{"rendered":"Babolat GREEN (SAC 72 BALLES)"},"content":{"rendered":"<p><em>Cette balle s&#8217;int\u00e8gre dans la gamme initiation de Babolat. Elle suit les recommandations de l&#8217;ITF et de son programme Play &amp; Stay. Cette balle interm\u00e9diaire est 25% moins rapide qu&#8217;une balle standard. Elle est id\u00e9ale pour les adultes d\u00e9butants et les enfants de 8 \u00e0 15 ans.<\/em><\/p>\n<p><em>Recharge de 72 Balles<\/em><\/p>\n","protected":false},"excerpt":{"rendered":"<p>Cette balle s&#8217;int\u00e8gre dans la gamme initiation de Babolat. Elle suit les recommandations de l&#8217;ITF et de son programme Play &amp; Stay. Cette balle interm\u00e9diaire est 25% moins rapide qu&#8217;une balle standard. Elle est id\u00e9ale pour les adultes d\u00e9butants et les enfants de 8 \u00e0 15 ans. Recharge de 72 Balles<\/p>\n","protected":false},"featured_media":10470,"comment_status":"open","ping_status":"closed","template":"","meta":[],"product_cat":[106],"product_tag":[],"_links":{"self":[{"href":"https:\/\/www.sport4club.be\/index.php\/wp-json\/wp\/v2\/product\/4810"}],"collection":[{"href":"https:\/\/www.sport4club.be\/index.php\/wp-json\/wp\/v2\/product"}],"about":[{"href":"https:\/\/www.sport4club.be\/index.php\/wp-json\/wp\/v2\/types\/product"}],"replies":[{"embeddable":true,"href":"https:\/\/www.sport4club.be\/index.php\/wp-json\/wp\/v2\/comments?post=4810"}],"wp:featuredmedia":[{"embeddable":true,"href":"https:\/\/www.sport4club.be\/index.php\/wp-json\/wp\/v2\/media\/10470"}],"wp:attachment":[{"href":"https:\/\/www.sport4club.be\/index.php\/wp-json\/wp\/v2\/media?parent=4810"}],"wp:term":[{"taxonomy":"product_cat","embeddable":true,"href":"https:\/\/www.sport4club.be\/index.php\/wp-json\/wp\/v2\/product_cat?post=4810"},{"taxonomy":"product_tag","embeddable":true,"href":"https:\/\/www.sport4club.be\/index.php\/wp-json\/wp\/v2\/product_tag?post=4810"}],"curies":[{"name":"wp","href":"https:\/\/api.w.org\/{rel}","templated":true}]}}