{"id":4804,"date":"2018-11-16T11:35:37","date_gmt":"2018-11-16T10:35:37","guid":{"rendered":"https:\/\/www.sport4club.be\/index.php\/product\/babolat-academy-sac-72-balles\/"},"modified":"2021-02-24T09:45:12","modified_gmt":"2021-02-24T08:45:12","slug":"babolat-academy-sac-72-balles","status":"publish","type":"product","link":"https:\/\/www.sport4club.be\/index.php\/product\/babolat-academy-sac-72-balles\/","title":{"rendered":"Babolat Gold ACADEMY (SAC 72 BALLES)"},"content":{"rendered":"<p><em>Vous disposez d\u00e9j\u00e0 d\u2019un seau de 72 balles Babolat Gold Academy ? Cette recharge de 72 balles Gold Academy sera id\u00e9al pour remplir de nouveau votre seau.<\/em><br \/>\n<em>Cette balle est parfaite pour les entrainements r\u00e9guliers, car c\u2019est une balle sans pression, r\u00e9sistante et qui poss\u00e8de une dur\u00e9e de vie accrue par rapport \u00e0 une balle classique.<\/em><\/p>\n","protected":false},"excerpt":{"rendered":"<p>Vous disposez d\u00e9j\u00e0 d\u2019un seau de 72 balles Babolat Gold Academy ? Cette recharge de 72 balles Gold Academy sera id\u00e9al pour remplir de nouveau votre seau. Cette balle est parfaite pour les entrainements r\u00e9guliers, car c\u2019est une balle sans pression, r\u00e9sistante et qui poss\u00e8de une dur\u00e9e de vie accrue par rapport \u00e0 une balle [&hellip;]<\/p>\n","protected":false},"featured_media":94366,"comment_status":"open","ping_status":"closed","template":"","meta":[],"product_cat":[106],"product_tag":[],"_links":{"self":[{"href":"https:\/\/www.sport4club.be\/index.php\/wp-json\/wp\/v2\/product\/4804"}],"collection":[{"href":"https:\/\/www.sport4club.be\/index.php\/wp-json\/wp\/v2\/product"}],"about":[{"href":"https:\/\/www.sport4club.be\/index.php\/wp-json\/wp\/v2\/types\/product"}],"replies":[{"embeddable":true,"href":"https:\/\/www.sport4club.be\/index.php\/wp-json\/wp\/v2\/comments?post=4804"}],"wp:featuredmedia":[{"embeddable":true,"href":"https:\/\/www.sport4club.be\/index.php\/wp-json\/wp\/v2\/media\/94366"}],"wp:attachment":[{"href":"https:\/\/www.sport4club.be\/index.php\/wp-json\/wp\/v2\/media?parent=4804"}],"wp:term":[{"taxonomy":"product_cat","embeddable":true,"href":"https:\/\/www.sport4club.be\/index.php\/wp-json\/wp\/v2\/product_cat?post=4804"},{"taxonomy":"product_tag","embeddable":true,"href":"https:\/\/www.sport4club.be\/index.php\/wp-json\/wp\/v2\/product_tag?post=4804"}],"curies":[{"name":"wp","href":"https:\/\/api.w.org\/{rel}","templated":true}]}}