{"id":4798,"date":"2018-11-16T11:35:36","date_gmt":"2018-11-16T10:35:36","guid":{"rendered":"https:\/\/www.sport4club.be\/index.php\/product\/babolat-team-carton-18-tubes\/"},"modified":"2024-09-23T08:45:16","modified_gmt":"2024-09-23T06:45:16","slug":"babolat-team-carton-18-tubes","status":"publish","type":"product","link":"https:\/\/www.sport4club.be\/index.php\/product\/babolat-team-carton-18-tubes\/","title":{"rendered":"Babolat TEAM (CARTON 18 TUBES)"},"content":{"rendered":"<p><em>LA BALLE TEAM EST UNE BALLE PRESSION HAUTES PERFORMANCES QUI ALLIE DUR\u00c9E DE VIE, SENSATIONS ET R\u00c9SISTANCE.<\/em><br \/>\n<em>La balle Team est une balle pression Premium qui allie durabilit\u00e9 et confort. La balle Team est parfaitement adapt\u00e9e aux joueurs de comp\u00e9tition qui recherchent la performance avant tout.<\/em><\/p>\n","protected":false},"excerpt":{"rendered":"<p>LA BALLE TEAM EST UNE BALLE PRESSION HAUTES PERFORMANCES QUI ALLIE DUR\u00c9E DE VIE, SENSATIONS ET R\u00c9SISTANCE. La balle Team est une balle pression Premium qui allie durabilit\u00e9 et confort. La balle Team est parfaitement adapt\u00e9e aux joueurs de comp\u00e9tition qui recherchent la performance avant tout.<\/p>\n","protected":false},"featured_media":94362,"comment_status":"open","ping_status":"closed","template":"","meta":[],"product_cat":[106],"product_tag":[],"_links":{"self":[{"href":"https:\/\/www.sport4club.be\/index.php\/wp-json\/wp\/v2\/product\/4798"}],"collection":[{"href":"https:\/\/www.sport4club.be\/index.php\/wp-json\/wp\/v2\/product"}],"about":[{"href":"https:\/\/www.sport4club.be\/index.php\/wp-json\/wp\/v2\/types\/product"}],"replies":[{"embeddable":true,"href":"https:\/\/www.sport4club.be\/index.php\/wp-json\/wp\/v2\/comments?post=4798"}],"wp:featuredmedia":[{"embeddable":true,"href":"https:\/\/www.sport4club.be\/index.php\/wp-json\/wp\/v2\/media\/94362"}],"wp:attachment":[{"href":"https:\/\/www.sport4club.be\/index.php\/wp-json\/wp\/v2\/media?parent=4798"}],"wp:term":[{"taxonomy":"product_cat","embeddable":true,"href":"https:\/\/www.sport4club.be\/index.php\/wp-json\/wp\/v2\/product_cat?post=4798"},{"taxonomy":"product_tag","embeddable":true,"href":"https:\/\/www.sport4club.be\/index.php\/wp-json\/wp\/v2\/product_tag?post=4798"}],"curies":[{"name":"wp","href":"https:\/\/api.w.org\/{rel}","templated":true}]}}