{"id":12944,"date":"2019-05-14T11:15:07","date_gmt":"2019-05-14T09:15:07","guid":{"rendered":"https:\/\/www.sport4club.be\/?post_type=product&#038;p=12944"},"modified":"2024-08-21T12:46:30","modified_gmt":"2024-08-21T10:46:30","slug":"dunlop-cx-400-16x19","status":"publish","type":"product","link":"https:\/\/www.sport4club.be\/index.php\/product\/dunlop-cx-400-16x19\/","title":{"rendered":"Dunlop CX 400 TOUR 2024 (300gr)"},"content":{"rendered":"<p>D\u00e9couvrez la raquette de tennis Dunlop CX 400 Tour 2024, le mod\u00e8le le plus polyvalent de la gamme CX, con\u00e7u pour r\u00e9pondre aux exigences des joueurs comp\u00e9titeurs de niveau interm\u00e9diaire \u00e0 confirm\u00e9 qui recherchent une combinaison parfaite de contr\u00f4le, de puissance et de prise d&#8217;effet sur le court.<\/p>\n<p>Dot\u00e9e d&#8217;un moule retravaill\u00e9 et d&#8217;un nouveau profil carr\u00e9 du cadre, cette raquette offre une stabilit\u00e9 et un contr\u00f4le am\u00e9lior\u00e9s \u00e0 chaque coup. La nouvelle partie creus\u00e9e en t\u00eate optimise \u00e9galement le mouvement du cordage, tandis que la rigidit\u00e9 modifi\u00e9e assure un contr\u00f4le et une stabilit\u00e9 accrus, vous permettant de jouer avec confiance et pr\u00e9cision.<\/p>\n<p>Avec un tamis de 645 cm\u00b2, la CX 400 Tour offre une polyvalence exceptionnelle, convenant \u00e0 une vari\u00e9t\u00e9 de styles de jeu.<\/p>\n<p>Destin\u00e9e aux joueurs comp\u00e9titeurs qui recherchent la polyvalence, la puissance et la prise d&#8217;effet, la Dunlop CX 400 Tour est un choix id\u00e9al pour ceux qui veulent \u00e9lever leur jeu \u00e0 un niveau sup\u00e9rieur sur le court.<\/p>\n","protected":false},"excerpt":{"rendered":"<p>D\u00e9couvrez la raquette de tennis Dunlop CX 400 Tour 2024, le mod\u00e8le le plus polyvalent de la gamme CX, con\u00e7u pour r\u00e9pondre aux exigences des joueurs comp\u00e9titeurs de niveau interm\u00e9diaire \u00e0 confirm\u00e9 qui recherchent une combinaison parfaite de contr\u00f4le, de puissance et de prise d&#8217;effet sur le court. Dot\u00e9e d&#8217;un moule retravaill\u00e9 et d&#8217;un nouveau [&hellip;]<\/p>\n","protected":false},"featured_media":113297,"comment_status":"closed","ping_status":"closed","template":"","meta":[],"product_cat":[145],"product_tag":[],"_links":{"self":[{"href":"https:\/\/www.sport4club.be\/index.php\/wp-json\/wp\/v2\/product\/12944"}],"collection":[{"href":"https:\/\/www.sport4club.be\/index.php\/wp-json\/wp\/v2\/product"}],"about":[{"href":"https:\/\/www.sport4club.be\/index.php\/wp-json\/wp\/v2\/types\/product"}],"replies":[{"embeddable":true,"href":"https:\/\/www.sport4club.be\/index.php\/wp-json\/wp\/v2\/comments?post=12944"}],"wp:featuredmedia":[{"embeddable":true,"href":"https:\/\/www.sport4club.be\/index.php\/wp-json\/wp\/v2\/media\/113297"}],"wp:attachment":[{"href":"https:\/\/www.sport4club.be\/index.php\/wp-json\/wp\/v2\/media?parent=12944"}],"wp:term":[{"taxonomy":"product_cat","embeddable":true,"href":"https:\/\/www.sport4club.be\/index.php\/wp-json\/wp\/v2\/product_cat?post=12944"},{"taxonomy":"product_tag","embeddable":true,"href":"https:\/\/www.sport4club.be\/index.php\/wp-json\/wp\/v2\/product_tag?post=12944"}],"curies":[{"name":"wp","href":"https:\/\/api.w.org\/{rel}","templated":true}]}}