{"id":12916,"date":"2019-05-14T10:39:51","date_gmt":"2019-05-14T08:39:51","guid":{"rendered":"https:\/\/www.sport4club.be\/?post_type=product&#038;p=12916"},"modified":"2024-08-21T12:45:13","modified_gmt":"2024-08-21T10:45:13","slug":"dunlop-cx-200-tour-16x19","status":"publish","type":"product","link":"https:\/\/www.sport4club.be\/index.php\/product\/dunlop-cx-200-tour-16x19\/","title":{"rendered":"Dunlop CX 200 Tour 16&#215;19 2024 (310gr)"},"content":{"rendered":"<p>D\u00e9couvrez la raquette de tennis<strong>\u00a0Dunlop CX 200 Tour 16&#215;19 2024<\/strong>, un choix de pr\u00e9dilection pour les joueurs comp\u00e9titeurs \u00e0 la recherche d&#8217;un contr\u00f4le absolu et d&#8217;une prise d&#8217;effet maximale sur le court.<\/p>\n<p>Avec son moule retravaill\u00e9 et son nouveau profil carr\u00e9 du cadre, cette raquette a \u00e9t\u00e9 m\u00e9ticuleusement con\u00e7ue pour offrir une stabilit\u00e9 et un contr\u00f4le optimaux \u00e0 chaque coup. La nouvelle partie creus\u00e9e en t\u00eate am\u00e9liore \u00e9galement le mouvement du cordage, tandis que sa rigidit\u00e9 ajust\u00e9e garantit une ma\u00eetrise parfaite de chaque frappe.<\/p>\n<p>Dot\u00e9e d&#8217;un tamis de 613 cm\u00b2, la CX 200 Tour 16&#215;19 offre un grand contr\u00f4le, id\u00e9al pour les joueurs exigeants. Son poids de 310 g et son \u00e9quilibre en manche de 31,5 cm assurent une stabilit\u00e9 exceptionnelle, permettant des mouvements pr\u00e9cis et confiants sur le court.<\/p>\n<p>Avec son plan de cordage 16&#215;19, cette raquette permet de g\u00e9n\u00e9rer plus de puissance et de prise d&#8217;effet, r\u00e9pondant ainsi aux besoins des joueurs experts qui recherchent le contr\u00f4le, la pr\u00e9cision et la possibilit\u00e9 de donner des effets vari\u00e9s \u00e0 leurs coups.<\/p>\n<p>Si vous \u00eates \u00e0 la recherche d&#8217;une raquette qui vous permettra de maximiser votre potentiel sur le court, la Dunlop CX 200 Tour 16&#215;19 est un choix incontournable pour les comp\u00e9titeurs les plus exigeants.<\/p>\n<p>&nbsp;<\/p>\n","protected":false},"excerpt":{"rendered":"<p>D\u00e9couvrez la raquette de tennis\u00a0Dunlop CX 200 Tour 16&#215;19 2024, un choix de pr\u00e9dilection pour les joueurs comp\u00e9titeurs \u00e0 la recherche d&#8217;un contr\u00f4le absolu et d&#8217;une prise d&#8217;effet maximale sur le court. Avec son moule retravaill\u00e9 et son nouveau profil carr\u00e9 du cadre, cette raquette a \u00e9t\u00e9 m\u00e9ticuleusement con\u00e7ue pour offrir une stabilit\u00e9 et un [&hellip;]<\/p>\n","protected":false},"featured_media":113285,"comment_status":"closed","ping_status":"closed","template":"","meta":[],"product_cat":[145],"product_tag":[],"_links":{"self":[{"href":"https:\/\/www.sport4club.be\/index.php\/wp-json\/wp\/v2\/product\/12916"}],"collection":[{"href":"https:\/\/www.sport4club.be\/index.php\/wp-json\/wp\/v2\/product"}],"about":[{"href":"https:\/\/www.sport4club.be\/index.php\/wp-json\/wp\/v2\/types\/product"}],"replies":[{"embeddable":true,"href":"https:\/\/www.sport4club.be\/index.php\/wp-json\/wp\/v2\/comments?post=12916"}],"wp:featuredmedia":[{"embeddable":true,"href":"https:\/\/www.sport4club.be\/index.php\/wp-json\/wp\/v2\/media\/113285"}],"wp:attachment":[{"href":"https:\/\/www.sport4club.be\/index.php\/wp-json\/wp\/v2\/media?parent=12916"}],"wp:term":[{"taxonomy":"product_cat","embeddable":true,"href":"https:\/\/www.sport4club.be\/index.php\/wp-json\/wp\/v2\/product_cat?post=12916"},{"taxonomy":"product_tag","embeddable":true,"href":"https:\/\/www.sport4club.be\/index.php\/wp-json\/wp\/v2\/product_tag?post=12916"}],"curies":[{"name":"wp","href":"https:\/\/api.w.org\/{rel}","templated":true}]}}