{"id":12520,"date":"2019-03-02T19:24:56","date_gmt":"2019-03-02T18:24:56","guid":{"rendered":"https:\/\/www.sport4club.be\/?post_type=product&#038;p=12520"},"modified":"2020-07-25T09:01:51","modified_gmt":"2020-07-25T07:01:51","slug":"luxilon-legacy-antivibrateur-2-pieces","status":"publish","type":"product","link":"https:\/\/www.sport4club.be\/index.php\/product\/luxilon-legacy-antivibrateur-2-pieces\/","title":{"rendered":"LUXILON Legacy Antivibrateur (2 pi\u00e8ces)"},"content":{"rendered":"<p>Depuis plus de 20 ans d\u00e9j\u00e0, Luxilon joue un r\u00f4le majeur sur le march\u00e9 des cordages de tennis monofilament de haut niveau, tant national qu\u2019international. Avec ses versions \u00ab Original \u00bb et \u00ab Alu Power \u00bb, le \u00ab Big Banger \u00bb est devenu un concept chez de nombreux joueurs professionnels comme chez les amateurs. Ces derni\u00e8res ann\u00e9es, sont venus s\u2019y ajouter les cordages de la quatri\u00e8me g\u00e9n\u00e9ration \u00ab 4G \u00bb, appr\u00e9ci\u00e9s des tennismen du monde entier.<\/p>\n<p>Dans un pass\u00e9 lointain, chaque cordage Luxilon vendu \u00e9tait accompagn\u00e9 d\u2019un antivibrateur lilas tr\u00e8s convoit\u00e9. Un rouleau de cordages Luxilon comptait m\u00eame une dizaine d\u2019antivibrateurs. Ces antivibrateurs \u00e9taient tr\u00e8s populaires chez les joueurs professionnels, amateurs et entra\u00eeneurs de tennis.<\/p>\n<p>Apr\u00e8s une absence de pr\u00e8s de 10 ans, ces antivibrateurs de qualit\u00e9 d\u2019antan refont leur apparition chez Luxilon sous le nom \u00e9vocateur de LXN Legacy Dampener.<\/p>\n","protected":false},"excerpt":{"rendered":"<p>Depuis plus de 20 ans d\u00e9j\u00e0, Luxilon joue un r\u00f4le majeur sur le march\u00e9 des cordages de tennis monofilament de haut niveau, tant national qu\u2019international. Avec ses versions \u00ab Original \u00bb et \u00ab Alu Power \u00bb, le \u00ab Big Banger \u00bb est devenu un concept chez de nombreux joueurs professionnels comme chez les amateurs. Ces [&hellip;]<\/p>\n","protected":false},"featured_media":12521,"comment_status":"open","ping_status":"closed","template":"","meta":[],"product_cat":[119],"product_tag":[],"_links":{"self":[{"href":"https:\/\/www.sport4club.be\/index.php\/wp-json\/wp\/v2\/product\/12520"}],"collection":[{"href":"https:\/\/www.sport4club.be\/index.php\/wp-json\/wp\/v2\/product"}],"about":[{"href":"https:\/\/www.sport4club.be\/index.php\/wp-json\/wp\/v2\/types\/product"}],"replies":[{"embeddable":true,"href":"https:\/\/www.sport4club.be\/index.php\/wp-json\/wp\/v2\/comments?post=12520"}],"wp:featuredmedia":[{"embeddable":true,"href":"https:\/\/www.sport4club.be\/index.php\/wp-json\/wp\/v2\/media\/12521"}],"wp:attachment":[{"href":"https:\/\/www.sport4club.be\/index.php\/wp-json\/wp\/v2\/media?parent=12520"}],"wp:term":[{"taxonomy":"product_cat","embeddable":true,"href":"https:\/\/www.sport4club.be\/index.php\/wp-json\/wp\/v2\/product_cat?post=12520"},{"taxonomy":"product_tag","embeddable":true,"href":"https:\/\/www.sport4club.be\/index.php\/wp-json\/wp\/v2\/product_tag?post=12520"}],"curies":[{"name":"wp","href":"https:\/\/api.w.org\/{rel}","templated":true}]}}