{"id":12489,"date":"2019-03-02T18:44:15","date_gmt":"2019-03-02T17:44:15","guid":{"rendered":"https:\/\/www.sport4club.be\/?post_type=product&#038;p=12489"},"modified":"2025-01-29T09:07:08","modified_gmt":"2025-01-29T08:07:08","slug":"luxilon-4g-rough-1220m","status":"publish","type":"product","link":"https:\/\/www.sport4club.be\/index.php\/product\/luxilon-4g-rough-1220m\/","title":{"rendered":"LUXILON 4G Rough (12M)"},"content":{"rendered":"<p>Depuis plus de 20 ans d\u00e9j\u00e0, Luxilon joue un r\u00f4le majeur sur le march\u00e9 des cordages de tennis monofilament, tant national qu\u2019international. Avec ses versions \u00ab Original \u00bb et \u00ab Alu Power \u00bb, le \u00ab Big Banger \u00bb est devenu un concept chez les joueurs professionnels comme chez les amateurs ambitieux.<\/p>\n<p>Nourrissant l\u2019ambition de rivaliser avec les l\u00e9gendaires, les mythiques cordages \u00ab Big Banger \u00bb, les ing\u00e9nieurs de Luxilon Industries ont d\u00e9velopp\u00e9 le cordage en copolyester 4G. Ce m\u00e9lange explosif de puissance, prise d\u2019effet, durabilit\u00e9 et confort devait convaincre d\u00e9finitivement les plus grands joueurs internationaux \u00e0 confier \u00e0 Luxilon leur choix de cordages.<\/p>\n<p>En 2012, le 4G voyait le jour et, au milieu de la saison tennistique, il cr\u00e9a la sensation lorsque, notamment, Venus et Serena Williams chez les femmes et Kei Nishikori chez les hommes opt\u00e8rent pour ce cordage.<\/p>\n<p>Le 4G rough est un cordage de tennis en copolyester qui am\u00e9liore de 30 % la tenue de tension, est extr\u00eamement jouable et dont la durabilit\u00e9 est un atout ind\u00e9niable. Pour am\u00e9liorer encore l\u2019accroche et la prise d\u2019effet, le rev\u00eatement de ce cordage 4G version rough a re\u00e7u une texture plus rugueuse.<\/p>\n","protected":false},"excerpt":{"rendered":"<p>Depuis plus de 20 ans d\u00e9j\u00e0, Luxilon joue un r\u00f4le majeur sur le march\u00e9 des cordages de tennis monofilament, tant national qu\u2019international. Avec ses versions \u00ab Original \u00bb et \u00ab Alu Power \u00bb, le \u00ab Big Banger \u00bb est devenu un concept chez les joueurs professionnels comme chez les amateurs ambitieux. Nourrissant l\u2019ambition de rivaliser [&hellip;]<\/p>\n","protected":false},"featured_media":12490,"comment_status":"open","ping_status":"closed","template":"","meta":[],"product_cat":[108],"product_tag":[],"_links":{"self":[{"href":"https:\/\/www.sport4club.be\/index.php\/wp-json\/wp\/v2\/product\/12489"}],"collection":[{"href":"https:\/\/www.sport4club.be\/index.php\/wp-json\/wp\/v2\/product"}],"about":[{"href":"https:\/\/www.sport4club.be\/index.php\/wp-json\/wp\/v2\/types\/product"}],"replies":[{"embeddable":true,"href":"https:\/\/www.sport4club.be\/index.php\/wp-json\/wp\/v2\/comments?post=12489"}],"wp:featuredmedia":[{"embeddable":true,"href":"https:\/\/www.sport4club.be\/index.php\/wp-json\/wp\/v2\/media\/12490"}],"wp:attachment":[{"href":"https:\/\/www.sport4club.be\/index.php\/wp-json\/wp\/v2\/media?parent=12489"}],"wp:term":[{"taxonomy":"product_cat","embeddable":true,"href":"https:\/\/www.sport4club.be\/index.php\/wp-json\/wp\/v2\/product_cat?post=12489"},{"taxonomy":"product_tag","embeddable":true,"href":"https:\/\/www.sport4club.be\/index.php\/wp-json\/wp\/v2\/product_tag?post=12489"}],"curies":[{"name":"wp","href":"https:\/\/api.w.org\/{rel}","templated":true}]}}