{"id":12464,"date":"2019-03-02T18:11:05","date_gmt":"2019-03-02T17:11:05","guid":{"rendered":"https:\/\/www.sport4club.be\/?post_type=product&#038;p=12464"},"modified":"2020-09-22T12:00:24","modified_gmt":"2020-09-22T10:00:24","slug":"luxilon-m2-pro-1220m","status":"publish","type":"product","link":"https:\/\/www.sport4club.be\/index.php\/product\/luxilon-m2-pro-1220m\/","title":{"rendered":"LUXILON M2 Pro (12,20M)"},"content":{"rendered":"<p>Depuis plus de 20 ans d\u00e9j\u00e0, Luxilon joue un r\u00f4le majeur sur le march\u00e9 des cordages de tennis monofilament, tant national qu\u2019international. Avec ses versions \u00ab Original \u00bb et \u00ab Alu Power \u00bb, le \u00ab Big Banger \u00bb est devenu un concept chez les joueurs professionnels comme chez les amateurs ambitieux.<\/p>\n<p>En r\u00e9ponse \u00e0 une demande toujours plus r\u00e9currente du monde du tennis qui voulait \u00ab un cordage synth\u00e9tique alliant les avantages du monofilament \u00e0 ceux du multifilament \u00bb, Luxilon a relev\u00e9 le d\u00e9fi de d\u00e9velopper un cordage \u00ab multi-mono \u00bb.<\/p>\n<p>Un peu plus tard, naissaient le \u00ab M2 Pro \u00bb et le \u00ab M2 Plus \u00bb<\/p>\n<p>Le M2 Pro et le M2 Plus sont des cordages synth\u00e9tiques qui allient le confort d\u2019un multifilament \u00e0 la durabilit\u00e9 d\u2019un monofilament. C\u2019est en outre le tout premier cordage de tennis \u00e0 Flex \u00e9volutif. Le joueur b\u00e9n\u00e9ficie ainsi d\u2019un plus grand contr\u00f4le sur les frappes puissantes et d\u2019un plus grand confort sur les coups plus doux.<\/p>\n","protected":false},"excerpt":{"rendered":"<p>Depuis plus de 20 ans d\u00e9j\u00e0, Luxilon joue un r\u00f4le majeur sur le march\u00e9 des cordages de tennis monofilament, tant national qu\u2019international. Avec ses versions \u00ab Original \u00bb et \u00ab Alu Power \u00bb, le \u00ab Big Banger \u00bb est devenu un concept chez les joueurs professionnels comme chez les amateurs ambitieux. En r\u00e9ponse \u00e0 une [&hellip;]<\/p>\n","protected":false},"featured_media":12465,"comment_status":"open","ping_status":"closed","template":"","meta":[],"product_cat":[130],"product_tag":[],"_links":{"self":[{"href":"https:\/\/www.sport4club.be\/index.php\/wp-json\/wp\/v2\/product\/12464"}],"collection":[{"href":"https:\/\/www.sport4club.be\/index.php\/wp-json\/wp\/v2\/product"}],"about":[{"href":"https:\/\/www.sport4club.be\/index.php\/wp-json\/wp\/v2\/types\/product"}],"replies":[{"embeddable":true,"href":"https:\/\/www.sport4club.be\/index.php\/wp-json\/wp\/v2\/comments?post=12464"}],"wp:featuredmedia":[{"embeddable":true,"href":"https:\/\/www.sport4club.be\/index.php\/wp-json\/wp\/v2\/media\/12465"}],"wp:attachment":[{"href":"https:\/\/www.sport4club.be\/index.php\/wp-json\/wp\/v2\/media?parent=12464"}],"wp:term":[{"taxonomy":"product_cat","embeddable":true,"href":"https:\/\/www.sport4club.be\/index.php\/wp-json\/wp\/v2\/product_cat?post=12464"},{"taxonomy":"product_tag","embeddable":true,"href":"https:\/\/www.sport4club.be\/index.php\/wp-json\/wp\/v2\/product_tag?post=12464"}],"curies":[{"name":"wp","href":"https:\/\/api.w.org\/{rel}","templated":true}]}}