{"id":12392,"date":"2019-02-12T10:19:25","date_gmt":"2019-02-12T09:19:25","guid":{"rendered":"https:\/\/www.sport4club.be\/?post_type=product&#038;p=12392"},"modified":"2024-08-24T11:24:40","modified_gmt":"2024-08-24T09:24:40","slug":"luxilon-natural-gut-12m","status":"publish","type":"product","link":"https:\/\/www.sport4club.be\/index.php\/product\/luxilon-natural-gut-12m\/","title":{"rendered":"LUXILON Natural GUT (12M)"},"content":{"rendered":"<p>Depuis plus de 20 ans d\u00e9j\u00e0, Luxilon joue un r\u00f4le majeur sur le march\u00e9 des cordages de tennis monofilament de haut niveau, tant national qu\u2019international. Avec ses versions \u00ab Original \u00bb et \u00ab Alu Power \u00bb, le \u00ab Big Banger \u00bb est devenu un concept chez de nombreux joueurs professionnels comme chez les amateurs.<\/p>\n<p>Ces derni\u00e8res ann\u00e9es, sont venus s\u2019y ajouter les cordages de la quatri\u00e8me g\u00e9n\u00e9ration \u00ab 4G \u00bb, appr\u00e9ci\u00e9s des tennismen du monde entier.<\/p>\n<p>Au cours des dix derni\u00e8res ann\u00e9es, plus de 30 % des joueurs professionnels du circuit international ont utilis\u00e9 sur leurs raquettes un cordage hybride, combinant un monofilament \u00e0 un boyau naturel.<\/p>\n<p>Luxilon Industries a relev\u00e9 le d\u00e9fi de trouver un boyau naturel unique et de haute qualit\u00e9 assurant une parfaite combinaison avec un cordage monofilament Luxilon.<\/p>\n","protected":false},"excerpt":{"rendered":"<p>Depuis plus de 20 ans d\u00e9j\u00e0, Luxilon joue un r\u00f4le majeur sur le march\u00e9 des cordages de tennis monofilament de haut niveau, tant national qu\u2019international. Avec ses versions \u00ab Original \u00bb et \u00ab Alu Power \u00bb, le \u00ab Big Banger \u00bb est devenu un concept chez de nombreux joueurs professionnels comme chez les amateurs. Ces [&hellip;]<\/p>\n","protected":false},"featured_media":12393,"comment_status":"open","ping_status":"closed","template":"","meta":[],"product_cat":[108],"product_tag":[],"_links":{"self":[{"href":"https:\/\/www.sport4club.be\/index.php\/wp-json\/wp\/v2\/product\/12392"}],"collection":[{"href":"https:\/\/www.sport4club.be\/index.php\/wp-json\/wp\/v2\/product"}],"about":[{"href":"https:\/\/www.sport4club.be\/index.php\/wp-json\/wp\/v2\/types\/product"}],"replies":[{"embeddable":true,"href":"https:\/\/www.sport4club.be\/index.php\/wp-json\/wp\/v2\/comments?post=12392"}],"wp:featuredmedia":[{"embeddable":true,"href":"https:\/\/www.sport4club.be\/index.php\/wp-json\/wp\/v2\/media\/12393"}],"wp:attachment":[{"href":"https:\/\/www.sport4club.be\/index.php\/wp-json\/wp\/v2\/media?parent=12392"}],"wp:term":[{"taxonomy":"product_cat","embeddable":true,"href":"https:\/\/www.sport4club.be\/index.php\/wp-json\/wp\/v2\/product_cat?post=12392"},{"taxonomy":"product_tag","embeddable":true,"href":"https:\/\/www.sport4club.be\/index.php\/wp-json\/wp\/v2\/product_tag?post=12392"}],"curies":[{"name":"wp","href":"https:\/\/api.w.org\/{rel}","templated":true}]}}