{"id":12288,"date":"2019-02-06T11:11:14","date_gmt":"2019-02-06T10:11:14","guid":{"rendered":"https:\/\/www.sport4club.be\/?post_type=product&#038;p=12288"},"modified":"2025-07-30T12:56:59","modified_gmt":"2025-07-30T10:56:59","slug":"dunlop-atp-tube-4-balles","status":"publish","type":"product","link":"https:\/\/www.sport4club.be\/index.php\/product\/dunlop-atp-tube-4-balles\/","title":{"rendered":"DUNLOP ATP Official (Tube 4 Balles)"},"content":{"rendered":"<p>La balle officielle de l&#8217;ATP World Tour. Cette balle de tennis Super Premium de DUNLOP<br \/>\noffre une jouabilit\u00e9 de classe mondiale sur toutes les surfaces gr\u00e2ce aux technologies les plus<br \/>\navanc\u00e9es. La technologie &#8221; HD Pro Core &#8221; associ\u00e9e au &#8221; HD Pro Cloth &#8221; assure des<br \/>\nperformances ultimes et une longue dur\u00e9e de vie pour permettre des rallyes au plus haut<br \/>\nniveau. C&#8217;est aussi la balle officielle des finales Nitto ATP et NextGen. En outre, la balle ATP<br \/>\nest \u00e9galement la balle officielle des Masters 1000 de Monte-Carlo, Madrid, Rome, Shanghai et<br \/>\nde nombreux autres tournois du circuit ATP World Tour.<\/p>\n","protected":false},"excerpt":{"rendered":"<p>La balle officielle de l&#8217;ATP World Tour. Cette balle de tennis Super Premium de DUNLOP offre une jouabilit\u00e9 de classe mondiale sur toutes les surfaces gr\u00e2ce aux technologies les plus avanc\u00e9es. La technologie &#8221; HD Pro Core &#8221; associ\u00e9e au &#8221; HD Pro Cloth &#8221; assure des performances ultimes et une longue dur\u00e9e de vie [&hellip;]<\/p>\n","protected":false},"featured_media":12289,"comment_status":"open","ping_status":"closed","template":"","meta":[],"product_cat":[106],"product_tag":[],"_links":{"self":[{"href":"https:\/\/www.sport4club.be\/index.php\/wp-json\/wp\/v2\/product\/12288"}],"collection":[{"href":"https:\/\/www.sport4club.be\/index.php\/wp-json\/wp\/v2\/product"}],"about":[{"href":"https:\/\/www.sport4club.be\/index.php\/wp-json\/wp\/v2\/types\/product"}],"replies":[{"embeddable":true,"href":"https:\/\/www.sport4club.be\/index.php\/wp-json\/wp\/v2\/comments?post=12288"}],"wp:featuredmedia":[{"embeddable":true,"href":"https:\/\/www.sport4club.be\/index.php\/wp-json\/wp\/v2\/media\/12289"}],"wp:attachment":[{"href":"https:\/\/www.sport4club.be\/index.php\/wp-json\/wp\/v2\/media?parent=12288"}],"wp:term":[{"taxonomy":"product_cat","embeddable":true,"href":"https:\/\/www.sport4club.be\/index.php\/wp-json\/wp\/v2\/product_cat?post=12288"},{"taxonomy":"product_tag","embeddable":true,"href":"https:\/\/www.sport4club.be\/index.php\/wp-json\/wp\/v2\/product_tag?post=12288"}],"curies":[{"name":"wp","href":"https:\/\/api.w.org\/{rel}","templated":true}]}}