{"id":12279,"date":"2019-02-06T09:24:18","date_gmt":"2019-02-06T08:24:18","guid":{"rendered":"https:\/\/www.sport4club.be\/?post_type=product&#038;p=12279"},"modified":"2025-07-30T13:06:36","modified_gmt":"2025-07-30T11:06:36","slug":"dunlop-australian-open-tube-4-balles","status":"publish","type":"product","link":"https:\/\/www.sport4club.be\/index.php\/product\/dunlop-australian-open-tube-4-balles\/","title":{"rendered":"DUNLOP Australian Open (Tube 4 Balles)"},"content":{"rendered":"<p>Dunlop\u00a0est la nouvelle\u00a0balle officielle\u00a0de tournoi du\u00a0Grand Chelem\u00a0de l&#8217;Open\u00a0d&#8217;Australie. En remplissant le cahier des charges, Dunlop a d\u00e9montr\u00e9 une nouvelle fois son savoir faire sur la fabrication de balle de tennis.<\/p>\n<p>Il s&#8217;agit donc d&#8217;une balle de tennis\u00a0de\u00a0tr\u00e8s haute qualit\u00e9\u00a0qui poss\u00e8de un\u00a0rebond r\u00e9gulier\u00a0ainsi qu&#8217;une\u00a0bonne r\u00e9sistance\u00a0\u00e0 l&#8217;usure.<\/p>\n<ul>\n<li>le HD Pro Cloth permet de renforcer le feutre avec des mat\u00e9riaux de qualit\u00e9 premium afin de garantir une excellente vivacit\u00e9 ;<\/li>\n<li>le coeur HD Core, issu de la balle Dunlop Fort, a \u00e9t\u00e9 am\u00e9lior\u00e9 pour r\u00e9pondre aux exigences des joueurs professionnels afin d&#8217;obtenir une\u00a0dur\u00e9e de vie am\u00e9lior\u00e9e.<\/li>\n<\/ul>\n","protected":false},"excerpt":{"rendered":"<p>Dunlop\u00a0est la nouvelle\u00a0balle officielle\u00a0de tournoi du\u00a0Grand Chelem\u00a0de l&#8217;Open\u00a0d&#8217;Australie. En remplissant le cahier des charges, Dunlop a d\u00e9montr\u00e9 une nouvelle fois son savoir faire sur la fabrication de balle de tennis. Il s&#8217;agit donc d&#8217;une balle de tennis\u00a0de\u00a0tr\u00e8s haute qualit\u00e9\u00a0qui poss\u00e8de un\u00a0rebond r\u00e9gulier\u00a0ainsi qu&#8217;une\u00a0bonne r\u00e9sistance\u00a0\u00e0 l&#8217;usure. le HD Pro Cloth permet de renforcer le feutre avec [&hellip;]<\/p>\n","protected":false},"featured_media":115145,"comment_status":"closed","ping_status":"closed","template":"","meta":[],"product_cat":[106],"product_tag":[],"_links":{"self":[{"href":"https:\/\/www.sport4club.be\/index.php\/wp-json\/wp\/v2\/product\/12279"}],"collection":[{"href":"https:\/\/www.sport4club.be\/index.php\/wp-json\/wp\/v2\/product"}],"about":[{"href":"https:\/\/www.sport4club.be\/index.php\/wp-json\/wp\/v2\/types\/product"}],"replies":[{"embeddable":true,"href":"https:\/\/www.sport4club.be\/index.php\/wp-json\/wp\/v2\/comments?post=12279"}],"wp:featuredmedia":[{"embeddable":true,"href":"https:\/\/www.sport4club.be\/index.php\/wp-json\/wp\/v2\/media\/115145"}],"wp:attachment":[{"href":"https:\/\/www.sport4club.be\/index.php\/wp-json\/wp\/v2\/media?parent=12279"}],"wp:term":[{"taxonomy":"product_cat","embeddable":true,"href":"https:\/\/www.sport4club.be\/index.php\/wp-json\/wp\/v2\/product_cat?post=12279"},{"taxonomy":"product_tag","embeddable":true,"href":"https:\/\/www.sport4club.be\/index.php\/wp-json\/wp\/v2\/product_tag?post=12279"}],"curies":[{"name":"wp","href":"https:\/\/api.w.org\/{rel}","templated":true}]}}