{"id":12251,"date":"2019-01-04T16:47:01","date_gmt":"2019-01-04T15:47:01","guid":{"rendered":"https:\/\/www.sport4club.be\/?post_type=product&#038;p=12251"},"modified":"2026-05-03T09:08:25","modified_gmt":"2026-05-03T07:08:25","slug":"luxilon-savage-200m","status":"publish","type":"product","link":"https:\/\/www.sport4club.be\/index.php\/product\/luxilon-savage-200m\/","title":{"rendered":"Luxilon Savage 200M"},"content":{"rendered":"<p>Ce cordage Luxilon Savage saura r\u00e9pondre aux attentes des joueurs recherchant du contr\u00f4le. En effet, sa constitution en polyester renforc\u00e9 par la technologie Liquid Crystalline Polymer accentuera la ma\u00eetrise sur la balle afin de pouvoir la placer o\u00f9 bon vous semble.<\/p>\n<p>Dot\u00e9 d&#8217;une construction hexagonale, ce Luxilon Savage sera id\u00e9al pour mettre de l&#8217;effet. L&#8217;accroche de la balle est optimis\u00e9e par les nombreuses facettes afin d&#8217;obtenir une belle rotation. Celle-ci vous permettra de faire reculer vos adversaires gr\u00e2ce \u00e0 l&#8217;ampleur du rebond produit.<\/p>\n<p>Con\u00e7u \u00e0 partir de polyester rigide, ce cordage offrira une dur\u00e9e de vie tr\u00e8s int\u00e9ressante aux joueurs agressant leurs adversaires par leur puissance. Il vous promettra plusieurs heures de jeu sans douter de sa r\u00e9sistance.<\/p>\n<p>Cordage destin\u00e9 aux joueurs d&#8217;un bon niveau technique et physique capable d&#8217;acc\u00e9l\u00e9rer la balle et qui recherchent du contr\u00f4le ainsi qu&#8217;une prise d&#8217;effet importante<\/p>\n","protected":false},"excerpt":{"rendered":"<p>Ce cordage Luxilon Savage saura r\u00e9pondre aux attentes des joueurs recherchant du contr\u00f4le. En effet, sa constitution en polyester renforc\u00e9 par la technologie Liquid Crystalline Polymer accentuera la ma\u00eetrise sur la balle afin de pouvoir la placer o\u00f9 bon vous semble. Dot\u00e9 d&#8217;une construction hexagonale, ce Luxilon Savage sera id\u00e9al pour mettre de l&#8217;effet. L&#8217;accroche [&hellip;]<\/p>\n","protected":false},"featured_media":112372,"comment_status":"open","ping_status":"closed","template":"","meta":[],"product_cat":[108,15],"product_tag":[],"_links":{"self":[{"href":"https:\/\/www.sport4club.be\/index.php\/wp-json\/wp\/v2\/product\/12251"}],"collection":[{"href":"https:\/\/www.sport4club.be\/index.php\/wp-json\/wp\/v2\/product"}],"about":[{"href":"https:\/\/www.sport4club.be\/index.php\/wp-json\/wp\/v2\/types\/product"}],"replies":[{"embeddable":true,"href":"https:\/\/www.sport4club.be\/index.php\/wp-json\/wp\/v2\/comments?post=12251"}],"wp:featuredmedia":[{"embeddable":true,"href":"https:\/\/www.sport4club.be\/index.php\/wp-json\/wp\/v2\/media\/112372"}],"wp:attachment":[{"href":"https:\/\/www.sport4club.be\/index.php\/wp-json\/wp\/v2\/media?parent=12251"}],"wp:term":[{"taxonomy":"product_cat","embeddable":true,"href":"https:\/\/www.sport4club.be\/index.php\/wp-json\/wp\/v2\/product_cat?post=12251"},{"taxonomy":"product_tag","embeddable":true,"href":"https:\/\/www.sport4club.be\/index.php\/wp-json\/wp\/v2\/product_tag?post=12251"}],"curies":[{"name":"wp","href":"https:\/\/api.w.org\/{rel}","templated":true}]}}