{"id":11837,"date":"2018-12-18T18:40:46","date_gmt":"2018-12-18T17:40:46","guid":{"rendered":"https:\/\/www.sport4club.be\/?post_type=product&#038;p=11837"},"modified":"2019-03-07T09:10:08","modified_gmt":"2019-03-07T08:10:08","slug":"trophy-se127","status":"publish","type":"product","link":"https:\/\/www.sport4club.be\/index.php\/product\/trophy-se127\/","title":{"rendered":"Trophy SE127"},"content":{"rendered":"<p><em>Convient pour de nombreux tournois et \u00e9v\u00e9nements sportifs, dans la gamme de hauteur de 13 \u00e0 18 cm.<\/em><\/p>\n","protected":false},"excerpt":{"rendered":"<p>Convient pour de nombreux tournois et \u00e9v\u00e9nements sportifs, dans la gamme de hauteur de 13 \u00e0 18 cm.<\/p>\n","protected":false},"featured_media":11838,"comment_status":"open","ping_status":"closed","template":"","meta":[],"product_cat":[516],"product_tag":[],"_links":{"self":[{"href":"https:\/\/www.sport4club.be\/index.php\/wp-json\/wp\/v2\/product\/11837"}],"collection":[{"href":"https:\/\/www.sport4club.be\/index.php\/wp-json\/wp\/v2\/product"}],"about":[{"href":"https:\/\/www.sport4club.be\/index.php\/wp-json\/wp\/v2\/types\/product"}],"replies":[{"embeddable":true,"href":"https:\/\/www.sport4club.be\/index.php\/wp-json\/wp\/v2\/comments?post=11837"}],"wp:featuredmedia":[{"embeddable":true,"href":"https:\/\/www.sport4club.be\/index.php\/wp-json\/wp\/v2\/media\/11838"}],"wp:attachment":[{"href":"https:\/\/www.sport4club.be\/index.php\/wp-json\/wp\/v2\/media?parent=11837"}],"wp:term":[{"taxonomy":"product_cat","embeddable":true,"href":"https:\/\/www.sport4club.be\/index.php\/wp-json\/wp\/v2\/product_cat?post=11837"},{"taxonomy":"product_tag","embeddable":true,"href":"https:\/\/www.sport4club.be\/index.php\/wp-json\/wp\/v2\/product_tag?post=11837"}],"curies":[{"name":"wp","href":"https:\/\/api.w.org\/{rel}","templated":true}]}}