{"id":11832,"date":"2018-12-18T18:32:09","date_gmt":"2018-12-18T17:32:09","guid":{"rendered":"https:\/\/www.sport4club.be\/?post_type=product&#038;p=11832"},"modified":"2019-03-07T09:34:48","modified_gmt":"2019-03-07T08:34:48","slug":"medal-md92","status":"publish","type":"product","link":"https:\/\/www.sport4club.be\/index.php\/product\/medal-md92\/","title":{"rendered":"Medal MD92"},"content":{"rendered":"<p><em>Une m\u00e9daille qui convient \u00e0 toutes sortes de sports gr\u00e2ce \u00e0 sa conception.<\/em><\/p>\n<p><em>Ruban inclus<\/em><\/p>\n","protected":false},"excerpt":{"rendered":"<p>Une m\u00e9daille qui convient \u00e0 toutes sortes de sports gr\u00e2ce \u00e0 sa conception. Ruban inclus<\/p>\n","protected":false},"featured_media":11833,"comment_status":"open","ping_status":"closed","template":"","meta":[],"product_cat":[516],"product_tag":[],"_links":{"self":[{"href":"https:\/\/www.sport4club.be\/index.php\/wp-json\/wp\/v2\/product\/11832"}],"collection":[{"href":"https:\/\/www.sport4club.be\/index.php\/wp-json\/wp\/v2\/product"}],"about":[{"href":"https:\/\/www.sport4club.be\/index.php\/wp-json\/wp\/v2\/types\/product"}],"replies":[{"embeddable":true,"href":"https:\/\/www.sport4club.be\/index.php\/wp-json\/wp\/v2\/comments?post=11832"}],"wp:featuredmedia":[{"embeddable":true,"href":"https:\/\/www.sport4club.be\/index.php\/wp-json\/wp\/v2\/media\/11833"}],"wp:attachment":[{"href":"https:\/\/www.sport4club.be\/index.php\/wp-json\/wp\/v2\/media?parent=11832"}],"wp:term":[{"taxonomy":"product_cat","embeddable":true,"href":"https:\/\/www.sport4club.be\/index.php\/wp-json\/wp\/v2\/product_cat?post=11832"},{"taxonomy":"product_tag","embeddable":true,"href":"https:\/\/www.sport4club.be\/index.php\/wp-json\/wp\/v2\/product_tag?post=11832"}],"curies":[{"name":"wp","href":"https:\/\/api.w.org\/{rel}","templated":true}]}}