{"id":11813,"date":"2018-12-18T17:51:56","date_gmt":"2018-12-18T16:51:56","guid":{"rendered":"https:\/\/www.sport4club.be\/?post_type=product&#038;p=11813"},"modified":"2019-03-07T09:54:02","modified_gmt":"2019-03-07T08:54:02","slug":"trophy-actc33","status":"publish","type":"product","link":"https:\/\/www.sport4club.be\/index.php\/product\/trophy-actc33\/","title":{"rendered":"Trophy ACTC33"},"content":{"rendered":"<p><em>Les troph\u00e9es uniques adapt\u00e9s pour les tournois de tennis. <\/em><\/p>\n<p><em>Avec la possibilit\u00e9 de cr\u00e9er une \u00e9tiquette avec votre texte.<\/em><\/p>\n<p><em>Poids : de 370 \u00e0 410gr<\/em><\/p>\n","protected":false},"excerpt":{"rendered":"<p>Les troph\u00e9es uniques adapt\u00e9s pour les tournois de tennis. Avec la possibilit\u00e9 de cr\u00e9er une \u00e9tiquette avec votre texte. Poids : de 370 \u00e0 410gr<\/p>\n","protected":false},"featured_media":11818,"comment_status":"open","ping_status":"closed","template":"","meta":[],"product_cat":[516],"product_tag":[],"_links":{"self":[{"href":"https:\/\/www.sport4club.be\/index.php\/wp-json\/wp\/v2\/product\/11813"}],"collection":[{"href":"https:\/\/www.sport4club.be\/index.php\/wp-json\/wp\/v2\/product"}],"about":[{"href":"https:\/\/www.sport4club.be\/index.php\/wp-json\/wp\/v2\/types\/product"}],"replies":[{"embeddable":true,"href":"https:\/\/www.sport4club.be\/index.php\/wp-json\/wp\/v2\/comments?post=11813"}],"wp:featuredmedia":[{"embeddable":true,"href":"https:\/\/www.sport4club.be\/index.php\/wp-json\/wp\/v2\/media\/11818"}],"wp:attachment":[{"href":"https:\/\/www.sport4club.be\/index.php\/wp-json\/wp\/v2\/media?parent=11813"}],"wp:term":[{"taxonomy":"product_cat","embeddable":true,"href":"https:\/\/www.sport4club.be\/index.php\/wp-json\/wp\/v2\/product_cat?post=11813"},{"taxonomy":"product_tag","embeddable":true,"href":"https:\/\/www.sport4club.be\/index.php\/wp-json\/wp\/v2\/product_tag?post=11813"}],"curies":[{"name":"wp","href":"https:\/\/api.w.org\/{rel}","templated":true}]}}