{"id":11774,"date":"2018-12-18T16:02:44","date_gmt":"2018-12-18T15:02:44","guid":{"rendered":"https:\/\/www.sport4club.be\/?post_type=product&#038;p=11774"},"modified":"2019-02-24T20:52:54","modified_gmt":"2019-02-24T19:52:54","slug":"sports-cup-se124","status":"publish","type":"product","link":"https:\/\/www.sport4club.be\/index.php\/product\/sports-cup-se124\/","title":{"rendered":"Sports Cup SE124"},"content":{"rendered":"<p><em>Une coupe couleur or en trois tailles diff\u00e9rentes, adapt\u00e9e \u00e0 un large \u00e9ventail de tournois sportifs.<\/em><\/p>\n","protected":false},"excerpt":{"rendered":"<p>Une coupe couleur or en trois tailles diff\u00e9rentes, adapt\u00e9e \u00e0 un large \u00e9ventail de tournois sportifs.<\/p>\n","protected":false},"featured_media":11775,"comment_status":"open","ping_status":"closed","template":"","meta":[],"product_cat":[516],"product_tag":[],"_links":{"self":[{"href":"https:\/\/www.sport4club.be\/index.php\/wp-json\/wp\/v2\/product\/11774"}],"collection":[{"href":"https:\/\/www.sport4club.be\/index.php\/wp-json\/wp\/v2\/product"}],"about":[{"href":"https:\/\/www.sport4club.be\/index.php\/wp-json\/wp\/v2\/types\/product"}],"replies":[{"embeddable":true,"href":"https:\/\/www.sport4club.be\/index.php\/wp-json\/wp\/v2\/comments?post=11774"}],"wp:featuredmedia":[{"embeddable":true,"href":"https:\/\/www.sport4club.be\/index.php\/wp-json\/wp\/v2\/media\/11775"}],"wp:attachment":[{"href":"https:\/\/www.sport4club.be\/index.php\/wp-json\/wp\/v2\/media?parent=11774"}],"wp:term":[{"taxonomy":"product_cat","embeddable":true,"href":"https:\/\/www.sport4club.be\/index.php\/wp-json\/wp\/v2\/product_cat?post=11774"},{"taxonomy":"product_tag","embeddable":true,"href":"https:\/\/www.sport4club.be\/index.php\/wp-json\/wp\/v2\/product_tag?post=11774"}],"curies":[{"name":"wp","href":"https:\/\/api.w.org\/{rel}","templated":true}]}}