{"id":11767,"date":"2018-12-18T15:40:12","date_gmt":"2018-12-18T14:40:12","guid":{"rendered":"https:\/\/www.sport4club.be\/?post_type=product&#038;p=11767"},"modified":"2019-02-24T20:50:31","modified_gmt":"2019-02-24T19:50:31","slug":"acrylic-medals","status":"publish","type":"product","link":"https:\/\/www.sport4club.be\/index.php\/product\/acrylic-medals\/","title":{"rendered":"Acrylic Medals"},"content":{"rendered":"<p><em>Cette m\u00e9daille est un choix parfait pour les tournois de tennis et matchs gr\u00e2ce \u00e0 son design unique.<\/em><\/p>\n","protected":false},"excerpt":{"rendered":"<p>Cette m\u00e9daille est un choix parfait pour les tournois de tennis et matchs gr\u00e2ce \u00e0 son design unique.<\/p>\n","protected":false},"featured_media":11769,"comment_status":"open","ping_status":"closed","template":"","meta":[],"product_cat":[516,15],"product_tag":[],"_links":{"self":[{"href":"https:\/\/www.sport4club.be\/index.php\/wp-json\/wp\/v2\/product\/11767"}],"collection":[{"href":"https:\/\/www.sport4club.be\/index.php\/wp-json\/wp\/v2\/product"}],"about":[{"href":"https:\/\/www.sport4club.be\/index.php\/wp-json\/wp\/v2\/types\/product"}],"replies":[{"embeddable":true,"href":"https:\/\/www.sport4club.be\/index.php\/wp-json\/wp\/v2\/comments?post=11767"}],"wp:featuredmedia":[{"embeddable":true,"href":"https:\/\/www.sport4club.be\/index.php\/wp-json\/wp\/v2\/media\/11769"}],"wp:attachment":[{"href":"https:\/\/www.sport4club.be\/index.php\/wp-json\/wp\/v2\/media?parent=11767"}],"wp:term":[{"taxonomy":"product_cat","embeddable":true,"href":"https:\/\/www.sport4club.be\/index.php\/wp-json\/wp\/v2\/product_cat?post=11767"},{"taxonomy":"product_tag","embeddable":true,"href":"https:\/\/www.sport4club.be\/index.php\/wp-json\/wp\/v2\/product_tag?post=11767"}],"curies":[{"name":"wp","href":"https:\/\/api.w.org\/{rel}","templated":true}]}}