{"id":11717,"date":"2018-12-15T13:14:39","date_gmt":"2018-12-15T12:14:39","guid":{"rendered":"https:\/\/www.sport4club.be\/?post_type=product&#038;p=11717"},"modified":"2024-02-05T15:54:15","modified_gmt":"2024-02-05T14:54:15","slug":"compresses-steriles","status":"publish","type":"product","link":"https:\/\/www.sport4club.be\/index.php\/product\/compresses-steriles\/","title":{"rendered":"Compresses st\u00e9riles"},"content":{"rendered":"<p><em>Lot de 10 compresses, emball\u00e9es individuellement.\u00a0<\/em><br \/>\n<em>Dimensions : Taille pli\u00e9e : 7.5 x 7.5cm et Taille d\u00e9pli\u00e9e : 30 x 30cm<\/em><\/p>\n","protected":false},"excerpt":{"rendered":"<p>Lot de 10 compresses, emball\u00e9es individuellement.\u00a0 Dimensions : Taille pli\u00e9e : 7.5 x 7.5cm et Taille d\u00e9pli\u00e9e : 30 x 30cm<\/p>\n","protected":false},"featured_media":11718,"comment_status":"open","ping_status":"closed","template":"","meta":[],"product_cat":[507],"product_tag":[],"_links":{"self":[{"href":"https:\/\/www.sport4club.be\/index.php\/wp-json\/wp\/v2\/product\/11717"}],"collection":[{"href":"https:\/\/www.sport4club.be\/index.php\/wp-json\/wp\/v2\/product"}],"about":[{"href":"https:\/\/www.sport4club.be\/index.php\/wp-json\/wp\/v2\/types\/product"}],"replies":[{"embeddable":true,"href":"https:\/\/www.sport4club.be\/index.php\/wp-json\/wp\/v2\/comments?post=11717"}],"wp:featuredmedia":[{"embeddable":true,"href":"https:\/\/www.sport4club.be\/index.php\/wp-json\/wp\/v2\/media\/11718"}],"wp:attachment":[{"href":"https:\/\/www.sport4club.be\/index.php\/wp-json\/wp\/v2\/media?parent=11717"}],"wp:term":[{"taxonomy":"product_cat","embeddable":true,"href":"https:\/\/www.sport4club.be\/index.php\/wp-json\/wp\/v2\/product_cat?post=11717"},{"taxonomy":"product_tag","embeddable":true,"href":"https:\/\/www.sport4club.be\/index.php\/wp-json\/wp\/v2\/product_tag?post=11717"}],"curies":[{"name":"wp","href":"https:\/\/api.w.org\/{rel}","templated":true}]}}