{"id":11705,"date":"2018-12-15T13:01:05","date_gmt":"2018-12-15T12:01:05","guid":{"rendered":"https:\/\/www.sport4club.be\/?post_type=product&#038;p=11705"},"modified":"2026-02-26T06:36:02","modified_gmt":"2026-02-26T05:36:02","slug":"lots-de-6-patchs-chauffants","status":"publish","type":"product","link":"https:\/\/www.sport4club.be\/index.php\/product\/lots-de-6-patchs-chauffants\/","title":{"rendered":"Lots de 6 patchs chauffants"},"content":{"rendered":"<p><em>Lot de 6 patchs chauffants aux huiles essentielles de dimensions 16cm. x 11cm. \u00e0 usage unique, en tissu \u00e9lastique adh\u00e9sif chair, \u00e0 l&#8217;huile d&#8217;ol\u00e9ocapsicum (1%). <\/em><\/p>\n<p><em>Emballage sous-vide individuel. Vendu en pochette de 6<\/em><\/p>\n","protected":false},"excerpt":{"rendered":"<p>Lot de 6 patchs chauffants aux huiles essentielles de dimensions 16cm. x 11cm. \u00e0 usage unique, en tissu \u00e9lastique adh\u00e9sif chair, \u00e0 l&#8217;huile d&#8217;ol\u00e9ocapsicum (1%). Emballage sous-vide individuel. Vendu en pochette de 6<\/p>\n","protected":false},"featured_media":11706,"comment_status":"open","ping_status":"closed","template":"","meta":[],"product_cat":[506],"product_tag":[],"_links":{"self":[{"href":"https:\/\/www.sport4club.be\/index.php\/wp-json\/wp\/v2\/product\/11705"}],"collection":[{"href":"https:\/\/www.sport4club.be\/index.php\/wp-json\/wp\/v2\/product"}],"about":[{"href":"https:\/\/www.sport4club.be\/index.php\/wp-json\/wp\/v2\/types\/product"}],"replies":[{"embeddable":true,"href":"https:\/\/www.sport4club.be\/index.php\/wp-json\/wp\/v2\/comments?post=11705"}],"wp:featuredmedia":[{"embeddable":true,"href":"https:\/\/www.sport4club.be\/index.php\/wp-json\/wp\/v2\/media\/11706"}],"wp:attachment":[{"href":"https:\/\/www.sport4club.be\/index.php\/wp-json\/wp\/v2\/media?parent=11705"}],"wp:term":[{"taxonomy":"product_cat","embeddable":true,"href":"https:\/\/www.sport4club.be\/index.php\/wp-json\/wp\/v2\/product_cat?post=11705"},{"taxonomy":"product_tag","embeddable":true,"href":"https:\/\/www.sport4club.be\/index.php\/wp-json\/wp\/v2\/product_tag?post=11705"}],"curies":[{"name":"wp","href":"https:\/\/api.w.org\/{rel}","templated":true}]}}