{"id":11692,"date":"2018-12-15T12:45:00","date_gmt":"2018-12-15T11:45:00","guid":{"rendered":"https:\/\/www.sport4club.be\/?post_type=product&#038;p=11692"},"modified":"2026-02-26T06:32:04","modified_gmt":"2026-02-26T05:32:04","slug":"compresse-reutilisable-chaud-froid-10x26cm-6-pieces","status":"publish","type":"product","link":"https:\/\/www.sport4club.be\/index.php\/product\/compresse-reutilisable-chaud-froid-10x26cm-6-pieces\/","title":{"rendered":"Compresse r\u00e9utilisable chaud\/froid 10x26cm (6 pi\u00e8ces)"},"content":{"rendered":"<p><em>Permet d\u2019exploiter le pouvoir th\u00e9rapeutique du chaud ou du froid de fa\u00e7on simple et pratique gr\u00e2ce au coussinet en gel r\u00e9utilisable qui \u00e9pouse parfaitement la partie du corps \u00e0 traiter. <\/em><\/p>\n<p><em>Livr\u00e9 avec une housse intiss\u00e9e anti-irritation pour plus de confort.<\/em><br \/>\n<em>Dimensions 10cm. x 26cm.<\/em><\/p>\n","protected":false},"excerpt":{"rendered":"<p>Permet d\u2019exploiter le pouvoir th\u00e9rapeutique du chaud ou du froid de fa\u00e7on simple et pratique gr\u00e2ce au coussinet en gel r\u00e9utilisable qui \u00e9pouse parfaitement la partie du corps \u00e0 traiter. Livr\u00e9 avec une housse intiss\u00e9e anti-irritation pour plus de confort. Dimensions 10cm. x 26cm.<\/p>\n","protected":false},"featured_media":11693,"comment_status":"open","ping_status":"closed","template":"","meta":[],"product_cat":[505],"product_tag":[],"_links":{"self":[{"href":"https:\/\/www.sport4club.be\/index.php\/wp-json\/wp\/v2\/product\/11692"}],"collection":[{"href":"https:\/\/www.sport4club.be\/index.php\/wp-json\/wp\/v2\/product"}],"about":[{"href":"https:\/\/www.sport4club.be\/index.php\/wp-json\/wp\/v2\/types\/product"}],"replies":[{"embeddable":true,"href":"https:\/\/www.sport4club.be\/index.php\/wp-json\/wp\/v2\/comments?post=11692"}],"wp:featuredmedia":[{"embeddable":true,"href":"https:\/\/www.sport4club.be\/index.php\/wp-json\/wp\/v2\/media\/11693"}],"wp:attachment":[{"href":"https:\/\/www.sport4club.be\/index.php\/wp-json\/wp\/v2\/media?parent=11692"}],"wp:term":[{"taxonomy":"product_cat","embeddable":true,"href":"https:\/\/www.sport4club.be\/index.php\/wp-json\/wp\/v2\/product_cat?post=11692"},{"taxonomy":"product_tag","embeddable":true,"href":"https:\/\/www.sport4club.be\/index.php\/wp-json\/wp\/v2\/product_tag?post=11692"}],"curies":[{"name":"wp","href":"https:\/\/api.w.org\/{rel}","templated":true}]}}