{"id":11665,"date":"2018-12-15T12:11:04","date_gmt":"2018-12-15T11:11:04","guid":{"rendered":"https:\/\/www.sport4club.be\/?post_type=product&#038;p=11665"},"modified":"2023-08-31T08:42:16","modified_gmt":"2023-08-31T06:42:16","slug":"sac-soigneur-club-garni","status":"publish","type":"product","link":"https:\/\/www.sport4club.be\/index.php\/product\/sac-soigneur-club-garni\/","title":{"rendered":"Sac soigneur club garni"},"content":{"rendered":"<p><em>Sac soigneur garni d&#8217;un Kit compos\u00e9 de 1 bombe de froid, 2 compresses de froid \u00e0 usage unique, 1 bande de pansement \u00e0 d\u00e9couper 6cmx50cm, 1 bo\u00eetes de 20 pansements assortis, 3 sachets de 3 sutures, 1 lot de 10 compresses st\u00e9riles, 1 rouleau de sparadrap, 1 paire de ciseaux, 1 pince \u00e0 \u00e9chardes, 1 bande extensible ; 1 bande de cr\u00eape, 1 paire de gants de protection, 1 couverture de survie, 1 lot de 10 serviettes d\u2019alcool \u00e0 70\u00b0, 1 bande adh\u00e9sive \u00e9lastique 6cm, 1 bande coh\u00e9sive \u00e9lastique 7.5cmx4.5m et 1 flacon de 100ml d\u2019alcool \u00e0 70\u00b0.<\/em><\/p>\n","protected":false},"excerpt":{"rendered":"<p>Sac soigneur garni d&#8217;un Kit compos\u00e9 de 1 bombe de froid, 2 compresses de froid \u00e0 usage unique, 1 bande de pansement \u00e0 d\u00e9couper 6cmx50cm, 1 bo\u00eetes de 20 pansements assortis, 3 sachets de 3 sutures, 1 lot de 10 compresses st\u00e9riles, 1 rouleau de sparadrap, 1 paire de ciseaux, 1 pince \u00e0 \u00e9chardes, 1 [&hellip;]<\/p>\n","protected":false},"featured_media":11666,"comment_status":"open","ping_status":"closed","template":"","meta":[],"product_cat":[503],"product_tag":[],"_links":{"self":[{"href":"https:\/\/www.sport4club.be\/index.php\/wp-json\/wp\/v2\/product\/11665"}],"collection":[{"href":"https:\/\/www.sport4club.be\/index.php\/wp-json\/wp\/v2\/product"}],"about":[{"href":"https:\/\/www.sport4club.be\/index.php\/wp-json\/wp\/v2\/types\/product"}],"replies":[{"embeddable":true,"href":"https:\/\/www.sport4club.be\/index.php\/wp-json\/wp\/v2\/comments?post=11665"}],"wp:featuredmedia":[{"embeddable":true,"href":"https:\/\/www.sport4club.be\/index.php\/wp-json\/wp\/v2\/media\/11666"}],"wp:attachment":[{"href":"https:\/\/www.sport4club.be\/index.php\/wp-json\/wp\/v2\/media?parent=11665"}],"wp:term":[{"taxonomy":"product_cat","embeddable":true,"href":"https:\/\/www.sport4club.be\/index.php\/wp-json\/wp\/v2\/product_cat?post=11665"},{"taxonomy":"product_tag","embeddable":true,"href":"https:\/\/www.sport4club.be\/index.php\/wp-json\/wp\/v2\/product_tag?post=11665"}],"curies":[{"name":"wp","href":"https:\/\/api.w.org\/{rel}","templated":true}]}}