{"id":11663,"date":"2018-12-15T12:08:21","date_gmt":"2018-12-15T11:08:21","guid":{"rendered":"https:\/\/www.sport4club.be\/?post_type=product&#038;p=11663"},"modified":"2026-02-26T06:29:32","modified_gmt":"2026-02-26T05:29:32","slug":"kit-soigneur-club","status":"publish","type":"product","link":"https:\/\/www.sport4club.be\/index.php\/product\/kit-soigneur-club\/","title":{"rendered":"Kit Soigneur club"},"content":{"rendered":"<p><em>Kit compos\u00e9 de 1 bombe de froid 400ml, 2 compresses de froid \u00e0 usage unique, 1 bande de pansement \u00e0 d\u00e9couper 6cmx50cm, 1 bo\u00eetes de 20 pansements assortis, 3 sachets de 3 sutures, 1 lot de 10 compresses st\u00e9riles, 1 rouleau de sparadrap, 1 paire de ciseaux, 1 pince \u00e0 \u00e9chardes, 1 bande extensible , 1 bande de cr\u00eape, 1 paire de gants de protection, 1 couverture de survie, 1 lot de 10 serviettes d\u2019alcool \u00e0 70\u00b0, 1 bande adh\u00e9sive \u00e9lastique 6 cm, 1 bande coh\u00e9sive \u00e9lastique (bleue) 7.5 cm x 4.5 m et 1 flacon de 100 ml d\u2019alcool \u00e0 70\u00b0.<\/em><\/p>\n","protected":false},"excerpt":{"rendered":"<p>Kit compos\u00e9 de 1 bombe de froid 400ml, 2 compresses de froid \u00e0 usage unique, 1 bande de pansement \u00e0 d\u00e9couper 6cmx50cm, 1 bo\u00eetes de 20 pansements assortis, 3 sachets de 3 sutures, 1 lot de 10 compresses st\u00e9riles, 1 rouleau de sparadrap, 1 paire de ciseaux, 1 pince \u00e0 \u00e9chardes, 1 bande extensible , [&hellip;]<\/p>\n","protected":false},"featured_media":11664,"comment_status":"open","ping_status":"closed","template":"","meta":[],"product_cat":[503],"product_tag":[],"_links":{"self":[{"href":"https:\/\/www.sport4club.be\/index.php\/wp-json\/wp\/v2\/product\/11663"}],"collection":[{"href":"https:\/\/www.sport4club.be\/index.php\/wp-json\/wp\/v2\/product"}],"about":[{"href":"https:\/\/www.sport4club.be\/index.php\/wp-json\/wp\/v2\/types\/product"}],"replies":[{"embeddable":true,"href":"https:\/\/www.sport4club.be\/index.php\/wp-json\/wp\/v2\/comments?post=11663"}],"wp:featuredmedia":[{"embeddable":true,"href":"https:\/\/www.sport4club.be\/index.php\/wp-json\/wp\/v2\/media\/11664"}],"wp:attachment":[{"href":"https:\/\/www.sport4club.be\/index.php\/wp-json\/wp\/v2\/media?parent=11663"}],"wp:term":[{"taxonomy":"product_cat","embeddable":true,"href":"https:\/\/www.sport4club.be\/index.php\/wp-json\/wp\/v2\/product_cat?post=11663"},{"taxonomy":"product_tag","embeddable":true,"href":"https:\/\/www.sport4club.be\/index.php\/wp-json\/wp\/v2\/product_tag?post=11663"}],"curies":[{"name":"wp","href":"https:\/\/api.w.org\/{rel}","templated":true}]}}