{"id":11659,"date":"2018-12-15T12:05:57","date_gmt":"2018-12-15T11:05:57","guid":{"rendered":"https:\/\/www.sport4club.be\/?post_type=product&#038;p=11659"},"modified":"2026-02-26T06:30:07","modified_gmt":"2026-02-26T05:30:07","slug":"sac-soigneur-club","status":"publish","type":"product","link":"https:\/\/www.sport4club.be\/index.php\/product\/sac-soigneur-club\/","title":{"rendered":"Sac Soigneur club"},"content":{"rendered":"<p><em>Sac soigneur CLUB en nylon renforc\u00e9 600 Deniers. <\/em><\/p>\n<p><em>Facile \u00e0 transporter gr\u00e2ce \u00e0 sa bandouli\u00e8re, et tr\u00e8s pratique d\u2019utilisation pour toutes vos \u00e9quipes s\u00e9niors. <\/em><\/p>\n<p><em>Il est compos\u00e9 de 3 compartiments:<\/em><em>&#8211; Un compartiment principal avec des s\u00e9parations amovibles et un acc\u00e8s aux produits facilit\u00e9 par un large double zip. &#8211; Un compartiment isotherme permettant le stockage des produits Cryo tel les compresses de froid. &#8211; Une grande poche zipp\u00e9 avec de multiples compartiments. <\/em><\/p>\n<p><em>Dimensions : 38x24x24cm\u00a0<\/em><\/p>\n","protected":false},"excerpt":{"rendered":"<p>Sac soigneur CLUB en nylon renforc\u00e9 600 Deniers. Facile \u00e0 transporter gr\u00e2ce \u00e0 sa bandouli\u00e8re, et tr\u00e8s pratique d\u2019utilisation pour toutes vos \u00e9quipes s\u00e9niors. Il est compos\u00e9 de 3 compartiments:&#8211; Un compartiment principal avec des s\u00e9parations amovibles et un acc\u00e8s aux produits facilit\u00e9 par un large double zip. &#8211; Un compartiment isotherme permettant le stockage [&hellip;]<\/p>\n","protected":false},"featured_media":11662,"comment_status":"open","ping_status":"closed","template":"","meta":[],"product_cat":[503],"product_tag":[],"_links":{"self":[{"href":"https:\/\/www.sport4club.be\/index.php\/wp-json\/wp\/v2\/product\/11659"}],"collection":[{"href":"https:\/\/www.sport4club.be\/index.php\/wp-json\/wp\/v2\/product"}],"about":[{"href":"https:\/\/www.sport4club.be\/index.php\/wp-json\/wp\/v2\/types\/product"}],"replies":[{"embeddable":true,"href":"https:\/\/www.sport4club.be\/index.php\/wp-json\/wp\/v2\/comments?post=11659"}],"wp:featuredmedia":[{"embeddable":true,"href":"https:\/\/www.sport4club.be\/index.php\/wp-json\/wp\/v2\/media\/11662"}],"wp:attachment":[{"href":"https:\/\/www.sport4club.be\/index.php\/wp-json\/wp\/v2\/media?parent=11659"}],"wp:term":[{"taxonomy":"product_cat","embeddable":true,"href":"https:\/\/www.sport4club.be\/index.php\/wp-json\/wp\/v2\/product_cat?post=11659"},{"taxonomy":"product_tag","embeddable":true,"href":"https:\/\/www.sport4club.be\/index.php\/wp-json\/wp\/v2\/product_tag?post=11659"}],"curies":[{"name":"wp","href":"https:\/\/api.w.org\/{rel}","templated":true}]}}