{"id":11655,"date":"2018-12-15T11:58:50","date_gmt":"2018-12-15T10:58:50","guid":{"rendered":"https:\/\/www.sport4club.be\/?post_type=product&#038;p=11655"},"modified":"2023-08-29T09:00:48","modified_gmt":"2023-08-29T07:00:48","slug":"trousse-de-soins-garnie-1er-secours-club","status":"publish","type":"product","link":"https:\/\/www.sport4club.be\/index.php\/product\/trousse-de-soins-garnie-1er-secours-club\/","title":{"rendered":"Trousse de soins garnie 1er secours club"},"content":{"rendered":"<p><em>Trousse de soins garnie d&#8217;un Kit 1er secours CLUB r\u00e9f : 066153 compos\u00e9 d\u2019un lot de 10 compresses st\u00e9riles, 1 bombe de froid 400ml, 1 rouleau sparadrap, 1 bande de pansement \u00e0 d\u00e9couper 6cmx50cm, 1 paire de ciseaux, 1 bande extensible, 1 bande de cr\u00eape, 1 paire de gants de protection et 1 lot de 10 serviettes d\u2019alcool \u00e0 70\u00b0.<\/em><\/p>\n","protected":false},"excerpt":{"rendered":"<p>Trousse de soins garnie d&#8217;un Kit 1er secours CLUB r\u00e9f : 066153 compos\u00e9 d\u2019un lot de 10 compresses st\u00e9riles, 1 bombe de froid 400ml, 1 rouleau sparadrap, 1 bande de pansement \u00e0 d\u00e9couper 6cmx50cm, 1 paire de ciseaux, 1 bande extensible, 1 bande de cr\u00eape, 1 paire de gants de protection et 1 lot de [&hellip;]<\/p>\n","protected":false},"featured_media":11656,"comment_status":"open","ping_status":"closed","template":"","meta":[],"product_cat":[502],"product_tag":[],"_links":{"self":[{"href":"https:\/\/www.sport4club.be\/index.php\/wp-json\/wp\/v2\/product\/11655"}],"collection":[{"href":"https:\/\/www.sport4club.be\/index.php\/wp-json\/wp\/v2\/product"}],"about":[{"href":"https:\/\/www.sport4club.be\/index.php\/wp-json\/wp\/v2\/types\/product"}],"replies":[{"embeddable":true,"href":"https:\/\/www.sport4club.be\/index.php\/wp-json\/wp\/v2\/comments?post=11655"}],"wp:featuredmedia":[{"embeddable":true,"href":"https:\/\/www.sport4club.be\/index.php\/wp-json\/wp\/v2\/media\/11656"}],"wp:attachment":[{"href":"https:\/\/www.sport4club.be\/index.php\/wp-json\/wp\/v2\/media?parent=11655"}],"wp:term":[{"taxonomy":"product_cat","embeddable":true,"href":"https:\/\/www.sport4club.be\/index.php\/wp-json\/wp\/v2\/product_cat?post=11655"},{"taxonomy":"product_tag","embeddable":true,"href":"https:\/\/www.sport4club.be\/index.php\/wp-json\/wp\/v2\/product_tag?post=11655"}],"curies":[{"name":"wp","href":"https:\/\/api.w.org\/{rel}","templated":true}]}}