{"id":11652,"date":"2018-12-15T11:55:31","date_gmt":"2018-12-15T10:55:31","guid":{"rendered":"https:\/\/www.sport4club.be\/?post_type=product&#038;p=11652"},"modified":"2023-08-29T09:01:28","modified_gmt":"2023-08-29T07:01:28","slug":"trousse-de-soins-seule","status":"publish","type":"product","link":"https:\/\/www.sport4club.be\/index.php\/product\/trousse-de-soins-seule\/","title":{"rendered":"Trousse de soins seule"},"content":{"rendered":"<p><em>Trousse de soins en toile nylon renforc\u00e9e 600 deniers compos\u00e9e de 2 compartiments et d\u2019un rabat. <\/em><\/p>\n<p><em>Un des compartiments est plastifi\u00e9 et zipp\u00e9 pour garder vos produits \u00e0 l\u2019abri des \u00e9ventuelles salissures et l\u2019autre est \u00e9quip\u00e9 d\u2019un filet pour acc\u00e9der plus rapidement aux produits. <\/em><\/p>\n<p><em>Le rabat quand \u00e0 lui est muni de petites poches afin d\u2019y mettre ciseaux, pince \u00e0 \u00e9chardes et autres mat\u00e9riels peu encombrant. <\/em><\/p>\n<p><em>Dimensions : 22cm. x 17cm. x 6cm.<\/em><\/p>\n","protected":false},"excerpt":{"rendered":"<p>Trousse de soins en toile nylon renforc\u00e9e 600 deniers compos\u00e9e de 2 compartiments et d\u2019un rabat. Un des compartiments est plastifi\u00e9 et zipp\u00e9 pour garder vos produits \u00e0 l\u2019abri des \u00e9ventuelles salissures et l\u2019autre est \u00e9quip\u00e9 d\u2019un filet pour acc\u00e9der plus rapidement aux produits. Le rabat quand \u00e0 lui est muni de petites poches afin [&hellip;]<\/p>\n","protected":false},"featured_media":11653,"comment_status":"open","ping_status":"closed","template":"","meta":[],"product_cat":[502],"product_tag":[],"_links":{"self":[{"href":"https:\/\/www.sport4club.be\/index.php\/wp-json\/wp\/v2\/product\/11652"}],"collection":[{"href":"https:\/\/www.sport4club.be\/index.php\/wp-json\/wp\/v2\/product"}],"about":[{"href":"https:\/\/www.sport4club.be\/index.php\/wp-json\/wp\/v2\/types\/product"}],"replies":[{"embeddable":true,"href":"https:\/\/www.sport4club.be\/index.php\/wp-json\/wp\/v2\/comments?post=11652"}],"wp:featuredmedia":[{"embeddable":true,"href":"https:\/\/www.sport4club.be\/index.php\/wp-json\/wp\/v2\/media\/11653"}],"wp:attachment":[{"href":"https:\/\/www.sport4club.be\/index.php\/wp-json\/wp\/v2\/media?parent=11652"}],"wp:term":[{"taxonomy":"product_cat","embeddable":true,"href":"https:\/\/www.sport4club.be\/index.php\/wp-json\/wp\/v2\/product_cat?post=11652"},{"taxonomy":"product_tag","embeddable":true,"href":"https:\/\/www.sport4club.be\/index.php\/wp-json\/wp\/v2\/product_tag?post=11652"}],"curies":[{"name":"wp","href":"https:\/\/api.w.org\/{rel}","templated":true}]}}