{"id":11650,"date":"2018-12-15T11:51:09","date_gmt":"2018-12-15T10:51:09","guid":{"rendered":"https:\/\/www.sport4club.be\/?post_type=product&#038;p=11650"},"modified":"2023-08-29T08:58:43","modified_gmt":"2023-08-29T06:58:43","slug":"kit-1er-secours-club","status":"publish","type":"product","link":"https:\/\/www.sport4club.be\/index.php\/product\/kit-1er-secours-club\/","title":{"rendered":"Kit 1er secours club"},"content":{"rendered":"<p><em>Kit compos\u00e9 d\u2019un lot de 10 compresses st\u00e9riles, 1 bombe de froid 400ml, 1 rouleau sparadrap, 1 bande de pansement \u00e0 d\u00e9couper, 1 paire de ciseaux, 1 bande extensible, 1 bande de cr\u00eape, 1 paire de gants de protection et 1 lot de 10 serviettes d\u2019alcool \u00e0 70\u00b0<\/em><\/p>\n<p><em>Ce kit est con\u00e7u pour tenir dans la trousse de soins r\u00e9f 078071.<\/em><\/p>\n","protected":false},"excerpt":{"rendered":"<p>Kit compos\u00e9 d\u2019un lot de 10 compresses st\u00e9riles, 1 bombe de froid 400ml, 1 rouleau sparadrap, 1 bande de pansement \u00e0 d\u00e9couper, 1 paire de ciseaux, 1 bande extensible, 1 bande de cr\u00eape, 1 paire de gants de protection et 1 lot de 10 serviettes d\u2019alcool \u00e0 70\u00b0 Ce kit est con\u00e7u pour tenir dans [&hellip;]<\/p>\n","protected":false},"featured_media":11651,"comment_status":"open","ping_status":"closed","template":"","meta":[],"product_cat":[502],"product_tag":[],"_links":{"self":[{"href":"https:\/\/www.sport4club.be\/index.php\/wp-json\/wp\/v2\/product\/11650"}],"collection":[{"href":"https:\/\/www.sport4club.be\/index.php\/wp-json\/wp\/v2\/product"}],"about":[{"href":"https:\/\/www.sport4club.be\/index.php\/wp-json\/wp\/v2\/types\/product"}],"replies":[{"embeddable":true,"href":"https:\/\/www.sport4club.be\/index.php\/wp-json\/wp\/v2\/comments?post=11650"}],"wp:featuredmedia":[{"embeddable":true,"href":"https:\/\/www.sport4club.be\/index.php\/wp-json\/wp\/v2\/media\/11651"}],"wp:attachment":[{"href":"https:\/\/www.sport4club.be\/index.php\/wp-json\/wp\/v2\/media?parent=11650"}],"wp:term":[{"taxonomy":"product_cat","embeddable":true,"href":"https:\/\/www.sport4club.be\/index.php\/wp-json\/wp\/v2\/product_cat?post=11650"},{"taxonomy":"product_tag","embeddable":true,"href":"https:\/\/www.sport4club.be\/index.php\/wp-json\/wp\/v2\/product_tag?post=11650"}],"curies":[{"name":"wp","href":"https:\/\/api.w.org\/{rel}","templated":true}]}}