{"id":11647,"date":"2018-12-15T11:46:39","date_gmt":"2018-12-15T10:46:39","guid":{"rendered":"https:\/\/www.sport4club.be\/?post_type=product&#038;p=11647"},"modified":"2026-02-26T06:37:43","modified_gmt":"2026-02-26T05:37:43","slug":"sac-soigneur-junior","status":"publish","type":"product","link":"https:\/\/www.sport4club.be\/index.php\/product\/sac-soigneur-junior\/","title":{"rendered":"Sac Soigneur junior"},"content":{"rendered":"<p><em>Sac soigneur junior 100% polyester en nylon renforc\u00e9 600D facile \u00e0 transporter gr\u00e2ce \u00e0 sa bandouli\u00e8re. <\/em><\/p>\n<p><em>Il est compos\u00e9 de 2 compartiments : un compartiment principal facile d&#8217;acc\u00e8s, gr\u00e2ce \u00e0 son double zip et une poche ext\u00e9rieure zipp\u00e9e. <\/em><\/p>\n<p><em>Dimensions : H. 15 x L. 22 x l. 12 cm.\u00a0<\/em><\/p>\n","protected":false},"excerpt":{"rendered":"<p>Sac soigneur junior 100% polyester en nylon renforc\u00e9 600D facile \u00e0 transporter gr\u00e2ce \u00e0 sa bandouli\u00e8re. Il est compos\u00e9 de 2 compartiments : un compartiment principal facile d&#8217;acc\u00e8s, gr\u00e2ce \u00e0 son double zip et une poche ext\u00e9rieure zipp\u00e9e. Dimensions : H. 15 x L. 22 x l. 12 cm.\u00a0<\/p>\n","protected":false},"featured_media":11648,"comment_status":"open","ping_status":"closed","template":"","meta":[],"product_cat":[502],"product_tag":[],"_links":{"self":[{"href":"https:\/\/www.sport4club.be\/index.php\/wp-json\/wp\/v2\/product\/11647"}],"collection":[{"href":"https:\/\/www.sport4club.be\/index.php\/wp-json\/wp\/v2\/product"}],"about":[{"href":"https:\/\/www.sport4club.be\/index.php\/wp-json\/wp\/v2\/types\/product"}],"replies":[{"embeddable":true,"href":"https:\/\/www.sport4club.be\/index.php\/wp-json\/wp\/v2\/comments?post=11647"}],"wp:featuredmedia":[{"embeddable":true,"href":"https:\/\/www.sport4club.be\/index.php\/wp-json\/wp\/v2\/media\/11648"}],"wp:attachment":[{"href":"https:\/\/www.sport4club.be\/index.php\/wp-json\/wp\/v2\/media?parent=11647"}],"wp:term":[{"taxonomy":"product_cat","embeddable":true,"href":"https:\/\/www.sport4club.be\/index.php\/wp-json\/wp\/v2\/product_cat?post=11647"},{"taxonomy":"product_tag","embeddable":true,"href":"https:\/\/www.sport4club.be\/index.php\/wp-json\/wp\/v2\/product_tag?post=11647"}],"curies":[{"name":"wp","href":"https:\/\/api.w.org\/{rel}","templated":true}]}}