{"id":115903,"date":"2026-05-16T08:52:16","date_gmt":"2026-05-16T06:52:16","guid":{"rendered":"https:\/\/www.sport4club.be\/?post_type=product&#038;p=115903"},"modified":"2026-05-16T08:52:16","modified_gmt":"2026-05-16T06:52:16","slug":"nox-dress-women-pro-white-ivy-green","status":"publish","type":"product","link":"https:\/\/www.sport4club.be\/index.php\/product\/nox-dress-women-pro-white-ivy-green\/","title":{"rendered":"Nox Dress Women Pro White\/Ivy Green"},"content":{"rendered":"<p>La robe PRO comprend une maille int\u00e9rieure s\u00e9par\u00e9e et une poche lat\u00e9rale int\u00e9rieure pour ranger les balles de padel ou d&#8217;autres petits accessoires, offrant ainsi un soutien et une s\u00e9curit\u00e9 de mouvement.<\/p>\n<ul>\n<li><strong>Composition<\/strong>: 88% polyamide, 12% \u00e9lasthanne.<\/li>\n<li><strong>Mod\u00e8le femme :<\/strong>\u00a01,77m taille M<\/li>\n<\/ul>\n<p>&nbsp;<\/p>\n","protected":false},"excerpt":{"rendered":"<p>La robe PRO comprend une maille int\u00e9rieure s\u00e9par\u00e9e et une poche lat\u00e9rale int\u00e9rieure pour ranger les balles de padel ou d&#8217;autres petits accessoires, offrant ainsi un soutien et une s\u00e9curit\u00e9 de mouvement. Composition: 88% polyamide, 12% \u00e9lasthanne. Mod\u00e8le femme :\u00a01,77m taille M &nbsp;<\/p>\n","protected":false},"featured_media":115904,"comment_status":"open","ping_status":"closed","template":"","meta":[],"product_cat":[86],"product_tag":[],"_links":{"self":[{"href":"https:\/\/www.sport4club.be\/index.php\/wp-json\/wp\/v2\/product\/115903"}],"collection":[{"href":"https:\/\/www.sport4club.be\/index.php\/wp-json\/wp\/v2\/product"}],"about":[{"href":"https:\/\/www.sport4club.be\/index.php\/wp-json\/wp\/v2\/types\/product"}],"replies":[{"embeddable":true,"href":"https:\/\/www.sport4club.be\/index.php\/wp-json\/wp\/v2\/comments?post=115903"}],"wp:featuredmedia":[{"embeddable":true,"href":"https:\/\/www.sport4club.be\/index.php\/wp-json\/wp\/v2\/media\/115904"}],"wp:attachment":[{"href":"https:\/\/www.sport4club.be\/index.php\/wp-json\/wp\/v2\/media?parent=115903"}],"wp:term":[{"taxonomy":"product_cat","embeddable":true,"href":"https:\/\/www.sport4club.be\/index.php\/wp-json\/wp\/v2\/product_cat?post=115903"},{"taxonomy":"product_tag","embeddable":true,"href":"https:\/\/www.sport4club.be\/index.php\/wp-json\/wp\/v2\/product_tag?post=115903"}],"curies":[{"name":"wp","href":"https:\/\/api.w.org\/{rel}","templated":true}]}}