{"id":115892,"date":"2026-05-16T08:43:10","date_gmt":"2026-05-16T06:43:10","guid":{"rendered":"https:\/\/www.sport4club.be\/?post_type=product&#038;p=115892"},"modified":"2026-05-16T08:43:11","modified_gmt":"2026-05-16T06:43:11","slug":"nox-top-women-pro-ivy-green","status":"publish","type":"product","link":"https:\/\/www.sport4club.be\/index.php\/product\/nox-top-women-pro-ivy-green\/","title":{"rendered":"Nox Top Women Pro Ivy Green"},"content":{"rendered":"<p>Le haut PRO IVY GREEN est con\u00e7u pour donner le meilleur de lui-m\u00eame sur la piste. Il est dot\u00e9 d&#8217;une bande \u00e9lastique en bas pour un maintien maximal. Bonnets amovibles.<\/p>\n<ul>\n<li><strong>Composition<\/strong>: 88% polyamide, 12% \u00e9lasthanne.<\/li>\n<li><strong>Mod\u00e8le femme :<\/strong>\u00a01,77m taille S<\/li>\n<\/ul>\n<h3><strong>TOP FEMME<\/strong><\/h3>\n<table data-end=\"787\" data-start=\"488\">\n<thead data-end=\"529\" data-start=\"488\">\n<tr data-end=\"529\" data-start=\"488\">\n<th data-end=\"496\" data-start=\"488\">Taille<\/th>\n<th data-end=\"515\" data-start=\"496\">Longueur totale (cm)<\/th>\n<th data-end=\"529\" data-start=\"515\">Poitrine (cm)<\/th>\n<\/tr>\n<\/thead>\n<tbody data-end=\"787\" data-start=\"573\">\n<tr data-end=\"615\" data-start=\"573\">\n<td>XS<\/td>\n<td>56<\/td>\n<td>35<\/td>\n<\/tr>\n<tr data-end=\"658\" data-start=\"616\">\n<td>S<\/td>\n<td>56<\/td>\n<td>37.5<\/td>\n<\/tr>\n<tr data-end=\"701\" data-start=\"659\">\n<td>M<\/td>\n<td>57.5<\/td>\n<td>39.5<\/td>\n<\/tr>\n<tr data-end=\"744\" data-start=\"702\">\n<td>L<\/td>\n<td>60<\/td>\n<td>42<\/td>\n<\/tr>\n<tr data-end=\"787\" data-start=\"745\">\n<td>XL<\/td>\n<td>61<\/td>\n<td>43<\/td>\n<\/tr>\n<\/tbody>\n<\/table>\n","protected":false},"excerpt":{"rendered":"<p>Le haut PRO IVY GREEN est con\u00e7u pour donner le meilleur de lui-m\u00eame sur la piste. Il est dot\u00e9 d&#8217;une bande \u00e9lastique en bas pour un maintien maximal. Bonnets amovibles. Composition: 88% polyamide, 12% \u00e9lasthanne. Mod\u00e8le femme :\u00a01,77m taille S TOP FEMME Taille Longueur totale (cm) Poitrine (cm) XS 56 35 S 56 37.5 M [&hellip;]<\/p>\n","protected":false},"featured_media":115893,"comment_status":"open","ping_status":"closed","template":"","meta":[],"product_cat":[86],"product_tag":[],"_links":{"self":[{"href":"https:\/\/www.sport4club.be\/index.php\/wp-json\/wp\/v2\/product\/115892"}],"collection":[{"href":"https:\/\/www.sport4club.be\/index.php\/wp-json\/wp\/v2\/product"}],"about":[{"href":"https:\/\/www.sport4club.be\/index.php\/wp-json\/wp\/v2\/types\/product"}],"replies":[{"embeddable":true,"href":"https:\/\/www.sport4club.be\/index.php\/wp-json\/wp\/v2\/comments?post=115892"}],"wp:featuredmedia":[{"embeddable":true,"href":"https:\/\/www.sport4club.be\/index.php\/wp-json\/wp\/v2\/media\/115893"}],"wp:attachment":[{"href":"https:\/\/www.sport4club.be\/index.php\/wp-json\/wp\/v2\/media?parent=115892"}],"wp:term":[{"taxonomy":"product_cat","embeddable":true,"href":"https:\/\/www.sport4club.be\/index.php\/wp-json\/wp\/v2\/product_cat?post=115892"},{"taxonomy":"product_tag","embeddable":true,"href":"https:\/\/www.sport4club.be\/index.php\/wp-json\/wp\/v2\/product_tag?post=115892"}],"curies":[{"name":"wp","href":"https:\/\/api.w.org\/{rel}","templated":true}]}}