{"id":115881,"date":"2026-05-16T08:35:41","date_gmt":"2026-05-16T06:35:41","guid":{"rendered":"https:\/\/www.sport4club.be\/?post_type=product&#038;p=115881"},"modified":"2026-05-16T08:35:42","modified_gmt":"2026-05-16T06:35:42","slug":"nox-bra-women-pro-white-ivy-green","status":"publish","type":"product","link":"https:\/\/www.sport4club.be\/index.php\/product\/nox-bra-women-pro-white-ivy-green\/","title":{"rendered":"Nox Bra Women Pro White\/Ivy Green"},"content":{"rendered":"<p>La brassi\u00e8re PRO WHITE\/IVY GREEN offre un soutien et un confort maximum pendant le jeu. Elle est dot\u00e9e d&#8217;une bande \u00e9lastique en bas et de bretelles r\u00e9glables. Elle poss\u00e8de \u00e9galement des bonnets amovibles.<\/p>\n<p>&nbsp;<\/p>\n<ul>\n<li><strong>Composition<\/strong>: 84% polyamide, 16% \u00e9lasthanne.<\/li>\n<li><strong>Mod\u00e8le femme :\u00a0<\/strong>1,77m taille S<\/li>\n<\/ul>\n<h2>SOUTIEN-GORGE DE SPORT POUR FEMMES<\/h2>\n<table data-end=\"902\" data-start=\"403\">\n<thead data-end=\"470\" data-start=\"403\">\n<tr data-end=\"470\" data-start=\"403\">\n<th data-end=\"411\" data-start=\"403\">Taille<\/th>\n<th data-end=\"424\" data-start=\"411\">Poitrine (cm)<\/th>\n<th data-end=\"446\" data-start=\"424\">Largeur du bas (cm)<\/th>\n<th data-end=\"470\" data-start=\"446\">Longueur du devant (cm)<\/th>\n<\/tr>\n<\/thead>\n<tbody data-end=\"902\" data-start=\"543\">\n<tr data-end=\"614\" data-start=\"543\">\n<td>XS<\/td>\n<td>31.5<\/td>\n<td>29<\/td>\n<td>29.8<\/td>\n<\/tr>\n<tr data-end=\"686\" data-start=\"615\">\n<td>S<\/td>\n<td>33<\/td>\n<td>30.5<\/td>\n<td>31<\/td>\n<\/tr>\n<tr data-end=\"758\" data-start=\"687\">\n<td>M<\/td>\n<td>34.5<\/td>\n<td>32<\/td>\n<td>32.2<\/td>\n<\/tr>\n<tr data-end=\"830\" data-start=\"759\">\n<td>L<\/td>\n<td>36<\/td>\n<td>33.5<\/td>\n<td>33.4<\/td>\n<\/tr>\n<tr data-end=\"902\" data-start=\"831\">\n<td>XL<\/td>\n<td>37.5<\/td>\n<td>35<\/td>\n<td>34.6<\/td>\n<\/tr>\n<\/tbody>\n<\/table>\n","protected":false},"excerpt":{"rendered":"<p>La brassi\u00e8re PRO WHITE\/IVY GREEN offre un soutien et un confort maximum pendant le jeu. Elle est dot\u00e9e d&#8217;une bande \u00e9lastique en bas et de bretelles r\u00e9glables. Elle poss\u00e8de \u00e9galement des bonnets amovibles. &nbsp; Composition: 84% polyamide, 16% \u00e9lasthanne. Mod\u00e8le femme :\u00a01,77m taille S SOUTIEN-GORGE DE SPORT POUR FEMMES Taille Poitrine (cm) Largeur du bas [&hellip;]<\/p>\n","protected":false},"featured_media":115882,"comment_status":"open","ping_status":"closed","template":"","meta":[],"product_cat":[86],"product_tag":[],"_links":{"self":[{"href":"https:\/\/www.sport4club.be\/index.php\/wp-json\/wp\/v2\/product\/115881"}],"collection":[{"href":"https:\/\/www.sport4club.be\/index.php\/wp-json\/wp\/v2\/product"}],"about":[{"href":"https:\/\/www.sport4club.be\/index.php\/wp-json\/wp\/v2\/types\/product"}],"replies":[{"embeddable":true,"href":"https:\/\/www.sport4club.be\/index.php\/wp-json\/wp\/v2\/comments?post=115881"}],"wp:featuredmedia":[{"embeddable":true,"href":"https:\/\/www.sport4club.be\/index.php\/wp-json\/wp\/v2\/media\/115882"}],"wp:attachment":[{"href":"https:\/\/www.sport4club.be\/index.php\/wp-json\/wp\/v2\/media?parent=115881"}],"wp:term":[{"taxonomy":"product_cat","embeddable":true,"href":"https:\/\/www.sport4club.be\/index.php\/wp-json\/wp\/v2\/product_cat?post=115881"},{"taxonomy":"product_tag","embeddable":true,"href":"https:\/\/www.sport4club.be\/index.php\/wp-json\/wp\/v2\/product_tag?post=115881"}],"curies":[{"name":"wp","href":"https:\/\/api.w.org\/{rel}","templated":true}]}}