{"id":115861,"date":"2026-05-16T08:21:28","date_gmt":"2026-05-16T06:21:28","guid":{"rendered":"https:\/\/www.sport4club.be\/?post_type=product&#038;p=115861"},"modified":"2026-05-16T08:21:28","modified_gmt":"2026-05-16T06:21:28","slug":"nox-skirt-women-pro-white-ivy-green","status":"publish","type":"product","link":"https:\/\/www.sport4club.be\/index.php\/product\/nox-skirt-women-pro-white-ivy-green\/","title":{"rendered":"Nox Skirt Women Pro White\/Ivy Green"},"content":{"rendered":"<p>Jupe PRO blanc\/vert olive con\u00e7ue pour le confort et la fonctionnalit\u00e9 sur le terrain. Elle comprend un short int\u00e9rieur avec une poche lat\u00e9rale pour les balles ou les petits objets, et une taille \u00e9lastiqu\u00e9e pour un meilleur ajustement et un meilleur maintien pendant le jeu.<\/p>\n<p>&nbsp;<\/p>\n<ul>\n<li><strong>Composition<\/strong>: 85% polyamide, 15% \u00e9lasthanne.<\/li>\n<li><strong>Mod\u00e8le femme :<\/strong>\u00a01.77m taille M<\/li>\n<\/ul>\n<h2>JUPE DE SPORT POUR FEMMES<\/h2>\n<table data-end=\"776\" data-start=\"365\">\n<thead data-end=\"422\" data-start=\"365\">\n<tr data-end=\"422\" data-start=\"365\">\n<th data-end=\"373\" data-start=\"365\">Taille<\/th>\n<th data-end=\"388\" data-start=\"373\">Taille (cm)<\/th>\n<th data-end=\"402\" data-start=\"388\">Hanches (cm)<\/th>\n<th data-end=\"422\" data-start=\"402\">Longueur totale (cm)<\/th>\n<\/tr>\n<\/thead>\n<tbody data-end=\"776\" data-start=\"482\">\n<tr data-end=\"540\" data-start=\"482\">\n<td>XS<\/td>\n<td>33<\/td>\n<td>46<\/td>\n<td>32<\/td>\n<\/tr>\n<tr data-end=\"599\" data-start=\"541\">\n<td>S<\/td>\n<td>35<\/td>\n<td>48<\/td>\n<td>33<\/td>\n<\/tr>\n<tr data-end=\"658\" data-start=\"600\">\n<td>M<\/td>\n<td>37<\/td>\n<td>50<\/td>\n<td>34<\/td>\n<\/tr>\n<tr data-end=\"717\" data-start=\"659\">\n<td>L<\/td>\n<td>39<\/td>\n<td>52<\/td>\n<td>35<\/td>\n<\/tr>\n<tr data-end=\"776\" data-start=\"718\">\n<td>XL<\/td>\n<td>41<\/td>\n<td>54<\/td>\n<td>36<\/td>\n<\/tr>\n<\/tbody>\n<\/table>\n","protected":false},"excerpt":{"rendered":"<p>Jupe PRO blanc\/vert olive con\u00e7ue pour le confort et la fonctionnalit\u00e9 sur le terrain. Elle comprend un short int\u00e9rieur avec une poche lat\u00e9rale pour les balles ou les petits objets, et une taille \u00e9lastiqu\u00e9e pour un meilleur ajustement et un meilleur maintien pendant le jeu. &nbsp; Composition: 85% polyamide, 15% \u00e9lasthanne. Mod\u00e8le femme :\u00a01.77m taille [&hellip;]<\/p>\n","protected":false},"featured_media":115862,"comment_status":"open","ping_status":"closed","template":"","meta":[],"product_cat":[86],"product_tag":[],"_links":{"self":[{"href":"https:\/\/www.sport4club.be\/index.php\/wp-json\/wp\/v2\/product\/115861"}],"collection":[{"href":"https:\/\/www.sport4club.be\/index.php\/wp-json\/wp\/v2\/product"}],"about":[{"href":"https:\/\/www.sport4club.be\/index.php\/wp-json\/wp\/v2\/types\/product"}],"replies":[{"embeddable":true,"href":"https:\/\/www.sport4club.be\/index.php\/wp-json\/wp\/v2\/comments?post=115861"}],"wp:featuredmedia":[{"embeddable":true,"href":"https:\/\/www.sport4club.be\/index.php\/wp-json\/wp\/v2\/media\/115862"}],"wp:attachment":[{"href":"https:\/\/www.sport4club.be\/index.php\/wp-json\/wp\/v2\/media?parent=115861"}],"wp:term":[{"taxonomy":"product_cat","embeddable":true,"href":"https:\/\/www.sport4club.be\/index.php\/wp-json\/wp\/v2\/product_cat?post=115861"},{"taxonomy":"product_tag","embeddable":true,"href":"https:\/\/www.sport4club.be\/index.php\/wp-json\/wp\/v2\/product_tag?post=115861"}],"curies":[{"name":"wp","href":"https:\/\/api.w.org\/{rel}","templated":true}]}}