{"id":115850,"date":"2026-05-16T08:13:13","date_gmt":"2026-05-16T06:13:13","guid":{"rendered":"https:\/\/www.sport4club.be\/?post_type=product&#038;p=115850"},"modified":"2026-05-16T08:13:14","modified_gmt":"2026-05-16T06:13:14","slug":"nox-skirt-women-pro-ivy-green","status":"publish","type":"product","link":"https:\/\/www.sport4club.be\/index.php\/product\/nox-skirt-women-pro-ivy-green\/","title":{"rendered":"Nox Skirt Women Pro Ivy Green"},"content":{"rendered":"<p>La jupe PRO vert ivoire avec des plis dans le dos et sur les c\u00f4t\u00e9s pour plus de dynamisme. Elle est dot\u00e9e d&#8217;un short int\u00e9gr\u00e9 et d&#8217;une poche lat\u00e9rale int\u00e9rieure, id\u00e9ale pour ranger les balles de padel ou d&#8217;autres petits accessoires.<\/p>\n<ul>\n<li><strong>Composition<\/strong>: 85% polyamide, 15% \u00e9lasthanne.<\/li>\n<li><strong>Mod\u00e8le femme :\u00a0<\/strong>1,77m taille M<\/li>\n<\/ul>\n<h2>JUPE DE SPORT POUR FEMMES<\/h2>\n<table data-end=\"776\" data-start=\"365\">\n<thead data-end=\"422\" data-start=\"365\">\n<tr data-end=\"422\" data-start=\"365\">\n<th data-end=\"373\" data-start=\"365\">Taille<\/th>\n<th data-end=\"388\" data-start=\"373\">Taille (cm)<\/th>\n<th data-end=\"402\" data-start=\"388\">Hanches (cm)<\/th>\n<th data-end=\"422\" data-start=\"402\">Longueur totale (cm)<\/th>\n<\/tr>\n<\/thead>\n<tbody data-end=\"776\" data-start=\"482\">\n<tr data-end=\"540\" data-start=\"482\">\n<td>XS<\/td>\n<td>33<\/td>\n<td>46<\/td>\n<td>32<\/td>\n<\/tr>\n<tr data-end=\"599\" data-start=\"541\">\n<td>S<\/td>\n<td>35<\/td>\n<td>48<\/td>\n<td>33<\/td>\n<\/tr>\n<tr data-end=\"658\" data-start=\"600\">\n<td>M<\/td>\n<td>37<\/td>\n<td>50<\/td>\n<td>34<\/td>\n<\/tr>\n<tr data-end=\"717\" data-start=\"659\">\n<td>L<\/td>\n<td>39<\/td>\n<td>52<\/td>\n<td>35<\/td>\n<\/tr>\n<tr data-end=\"776\" data-start=\"718\">\n<td>XL<\/td>\n<td>41<\/td>\n<td>54<\/td>\n<td>36<\/td>\n<\/tr>\n<\/tbody>\n<\/table>\n","protected":false},"excerpt":{"rendered":"<p>La jupe PRO vert ivoire avec des plis dans le dos et sur les c\u00f4t\u00e9s pour plus de dynamisme. Elle est dot\u00e9e d&#8217;un short int\u00e9gr\u00e9 et d&#8217;une poche lat\u00e9rale int\u00e9rieure, id\u00e9ale pour ranger les balles de padel ou d&#8217;autres petits accessoires. Composition: 85% polyamide, 15% \u00e9lasthanne. Mod\u00e8le femme :\u00a01,77m taille M JUPE DE SPORT POUR [&hellip;]<\/p>\n","protected":false},"featured_media":115851,"comment_status":"open","ping_status":"closed","template":"","meta":[],"product_cat":[86],"product_tag":[],"_links":{"self":[{"href":"https:\/\/www.sport4club.be\/index.php\/wp-json\/wp\/v2\/product\/115850"}],"collection":[{"href":"https:\/\/www.sport4club.be\/index.php\/wp-json\/wp\/v2\/product"}],"about":[{"href":"https:\/\/www.sport4club.be\/index.php\/wp-json\/wp\/v2\/types\/product"}],"replies":[{"embeddable":true,"href":"https:\/\/www.sport4club.be\/index.php\/wp-json\/wp\/v2\/comments?post=115850"}],"wp:featuredmedia":[{"embeddable":true,"href":"https:\/\/www.sport4club.be\/index.php\/wp-json\/wp\/v2\/media\/115851"}],"wp:attachment":[{"href":"https:\/\/www.sport4club.be\/index.php\/wp-json\/wp\/v2\/media?parent=115850"}],"wp:term":[{"taxonomy":"product_cat","embeddable":true,"href":"https:\/\/www.sport4club.be\/index.php\/wp-json\/wp\/v2\/product_cat?post=115850"},{"taxonomy":"product_tag","embeddable":true,"href":"https:\/\/www.sport4club.be\/index.php\/wp-json\/wp\/v2\/product_tag?post=115850"}],"curies":[{"name":"wp","href":"https:\/\/api.w.org\/{rel}","templated":true}]}}