{"id":115839,"date":"2026-05-16T08:01:35","date_gmt":"2026-05-16T06:01:35","guid":{"rendered":"https:\/\/www.sport4club.be\/?post_type=product&#038;p=115839"},"modified":"2026-05-16T08:02:47","modified_gmt":"2026-05-16T06:02:47","slug":"nox-tank-top-women-pro-ivy-green","status":"publish","type":"product","link":"https:\/\/www.sport4club.be\/index.php\/product\/nox-tank-top-women-pro-ivy-green\/","title":{"rendered":"Nox Tank Top Women Pro Ivy Green"},"content":{"rendered":"<p>Le d\u00e9bardeur PRO vert ivoire est con\u00e7u pour offrir un maximum de confort et de libert\u00e9 de mouvement. Sa l\u00e9g\u00e8ret\u00e9 s&#8217;adapte au corps et permet une grande mobilit\u00e9.<\/p>\n<ul>\n<li><strong>Composition<\/strong>: 85% polyamide, 15% \u00e9lasthanne.<\/li>\n<li><strong>Mod\u00e8le femme :\u00a0<\/strong>1,77m taille S<\/li>\n<\/ul>\n<h3><strong>D\u00c9BARDEUR FEMME<\/strong><\/h3>\n<table data-end=\"787\" data-start=\"488\">\n<thead data-end=\"529\" data-start=\"488\">\n<tr data-end=\"529\" data-start=\"488\">\n<th data-end=\"496\" data-start=\"488\">Taille<\/th>\n<th data-end=\"515\" data-start=\"496\">Longueur totale (cm)<\/th>\n<th data-end=\"529\" data-start=\"515\">Poitrine (cm)<\/th>\n<\/tr>\n<\/thead>\n<tbody data-end=\"787\" data-start=\"573\">\n<tr data-end=\"615\" data-start=\"573\">\n<td>XS<\/td>\n<td>56<\/td>\n<td>35<\/td>\n<\/tr>\n<tr data-end=\"658\" data-start=\"616\">\n<td>S<\/td>\n<td>56<\/td>\n<td>37.5<\/td>\n<\/tr>\n<tr data-end=\"701\" data-start=\"659\">\n<td>M<\/td>\n<td>57.5<\/td>\n<td>39.5<\/td>\n<\/tr>\n<tr data-end=\"744\" data-start=\"702\">\n<td>L<\/td>\n<td>60<\/td>\n<td>42<\/td>\n<\/tr>\n<tr data-end=\"787\" data-start=\"745\">\n<td>XL<\/td>\n<td>61<\/td>\n<td>43<\/td>\n<\/tr>\n<\/tbody>\n<\/table>\n","protected":false},"excerpt":{"rendered":"<p>Le d\u00e9bardeur PRO vert ivoire est con\u00e7u pour offrir un maximum de confort et de libert\u00e9 de mouvement. Sa l\u00e9g\u00e8ret\u00e9 s&#8217;adapte au corps et permet une grande mobilit\u00e9. Composition: 85% polyamide, 15% \u00e9lasthanne. Mod\u00e8le femme :\u00a01,77m taille S D\u00c9BARDEUR FEMME Taille Longueur totale (cm) Poitrine (cm) XS 56 35 S 56 37.5 M 57.5 39.5 [&hellip;]<\/p>\n","protected":false},"featured_media":115840,"comment_status":"open","ping_status":"closed","template":"","meta":[],"product_cat":[86],"product_tag":[],"_links":{"self":[{"href":"https:\/\/www.sport4club.be\/index.php\/wp-json\/wp\/v2\/product\/115839"}],"collection":[{"href":"https:\/\/www.sport4club.be\/index.php\/wp-json\/wp\/v2\/product"}],"about":[{"href":"https:\/\/www.sport4club.be\/index.php\/wp-json\/wp\/v2\/types\/product"}],"replies":[{"embeddable":true,"href":"https:\/\/www.sport4club.be\/index.php\/wp-json\/wp\/v2\/comments?post=115839"}],"wp:featuredmedia":[{"embeddable":true,"href":"https:\/\/www.sport4club.be\/index.php\/wp-json\/wp\/v2\/media\/115840"}],"wp:attachment":[{"href":"https:\/\/www.sport4club.be\/index.php\/wp-json\/wp\/v2\/media?parent=115839"}],"wp:term":[{"taxonomy":"product_cat","embeddable":true,"href":"https:\/\/www.sport4club.be\/index.php\/wp-json\/wp\/v2\/product_cat?post=115839"},{"taxonomy":"product_tag","embeddable":true,"href":"https:\/\/www.sport4club.be\/index.php\/wp-json\/wp\/v2\/product_tag?post=115839"}],"curies":[{"name":"wp","href":"https:\/\/api.w.org\/{rel}","templated":true}]}}