{"id":11583,"date":"2018-12-15T09:13:49","date_gmt":"2018-12-15T08:13:49","guid":{"rendered":"https:\/\/www.sport4club.be\/?post_type=product&#038;p=11583"},"modified":"2020-03-15T10:20:31","modified_gmt":"2020-03-15T09:20:31","slug":"babolat-core-skirt-filles","status":"publish","type":"product","link":"https:\/\/www.sport4club.be\/index.php\/product\/babolat-core-skirt-filles\/","title":{"rendered":"Babolat Core Skirt Filles"},"content":{"rendered":"<h4 class=\"fs16 none fbold color3\"><em>JUPE COURTE DE TENNIS FLUIDE ET L\u00c9G\u00c8RE POUR LES COMP\u00c9TITRICES.<\/em><\/h4>\n<div class=\"grid_12 omega\">\n<em>Jupe de tennis l\u00e9g\u00e8re et fluide avec shorty int\u00e9gr\u00e9.<\/em><br \/>\n<em>Ceinture plate et large pour plus de confort et de maintien. <\/em><\/div>\n<div class=\"grid_12 omega\"><em>Technologie FiberDry pour \u00e9vacuer la transpiration et un s\u00e9chage rapide. <\/em><\/div>\n<div class=\"grid_12 omega\"><em>Agr\u00e9able au porter, sa fluidit\u00e9 nous permet de l&#8217;oublier en jeu.<\/em><br \/>\n<em>Existe en adulte et en Junior<\/em><\/div>\n","protected":false},"excerpt":{"rendered":"<p>JUPE COURTE DE TENNIS FLUIDE ET L\u00c9G\u00c8RE POUR LES COMP\u00c9TITRICES. Jupe de tennis l\u00e9g\u00e8re et fluide avec shorty int\u00e9gr\u00e9. Ceinture plate et large pour plus de confort et de maintien. Technologie FiberDry pour \u00e9vacuer la transpiration et un s\u00e9chage rapide. Agr\u00e9able au porter, sa fluidit\u00e9 nous permet de l&#8217;oublier en jeu. Existe en adulte et [&hellip;]<\/p>\n","protected":false},"featured_media":11585,"comment_status":"open","ping_status":"closed","template":"","meta":[],"product_cat":[483],"product_tag":[],"_links":{"self":[{"href":"https:\/\/www.sport4club.be\/index.php\/wp-json\/wp\/v2\/product\/11583"}],"collection":[{"href":"https:\/\/www.sport4club.be\/index.php\/wp-json\/wp\/v2\/product"}],"about":[{"href":"https:\/\/www.sport4club.be\/index.php\/wp-json\/wp\/v2\/types\/product"}],"replies":[{"embeddable":true,"href":"https:\/\/www.sport4club.be\/index.php\/wp-json\/wp\/v2\/comments?post=11583"}],"wp:featuredmedia":[{"embeddable":true,"href":"https:\/\/www.sport4club.be\/index.php\/wp-json\/wp\/v2\/media\/11585"}],"wp:attachment":[{"href":"https:\/\/www.sport4club.be\/index.php\/wp-json\/wp\/v2\/media?parent=11583"}],"wp:term":[{"taxonomy":"product_cat","embeddable":true,"href":"https:\/\/www.sport4club.be\/index.php\/wp-json\/wp\/v2\/product_cat?post=11583"},{"taxonomy":"product_tag","embeddable":true,"href":"https:\/\/www.sport4club.be\/index.php\/wp-json\/wp\/v2\/product_tag?post=11583"}],"curies":[{"name":"wp","href":"https:\/\/api.w.org\/{rel}","templated":true}]}}