{"id":115818,"date":"2026-05-16T07:45:32","date_gmt":"2026-05-16T05:45:32","guid":{"rendered":"https:\/\/www.sport4club.be\/?post_type=product&#038;p=115818"},"modified":"2026-05-16T07:45:32","modified_gmt":"2026-05-16T05:45:32","slug":"nox-short-men-pro-ivy-green","status":"publish","type":"product","link":"https:\/\/www.sport4club.be\/index.php\/product\/nox-short-men-pro-ivy-green\/","title":{"rendered":"Nox Short Men Pro Ivy Green"},"content":{"rendered":"<p>Le short PRO IVY GREEN est dot\u00e9 d&#8217;une ceinture \u00e9lastiqu\u00e9e et de cordons internes r\u00e9glables pour un ajustement parfait. Il incorpore une maille int\u00e9rieure qui maximise la respirabilit\u00e9 et une poche lat\u00e9rale sp\u00e9cifique pour ranger les balles de padel ou les accessoires en tout confort.<\/p>\n<ul>\n<li><strong>Composition<\/strong>: 90% polyamide, 10% \u00e9lasthanne.<\/li>\n<li><strong>Mod\u00e8le homme :\u00a0<\/strong>1.86m taille L<\/li>\n<\/ul>\n<h2>SHORTS POUR HOMMES<\/h2>\n<table data-end=\"863\" data-start=\"452\">\n<thead data-end=\"509\" data-start=\"452\">\n<tr data-end=\"509\" data-start=\"452\">\n<th data-end=\"460\" data-start=\"452\">Taille<\/th>\n<th data-end=\"475\" data-start=\"460\">Taille (cm)<\/th>\n<th data-end=\"489\" data-start=\"475\">Hanches (cm)<\/th>\n<th data-end=\"509\" data-start=\"489\">Longueur totale (cm)<\/th>\n<\/tr>\n<\/thead>\n<tbody data-end=\"863\" data-start=\"569\">\n<tr data-end=\"627\" data-start=\"569\">\n<td>S<\/td>\n<td>37<\/td>\n<td>56<\/td>\n<td>43<\/td>\n<\/tr>\n<tr data-end=\"686\" data-start=\"628\">\n<td>M<\/td>\n<td>38<\/td>\n<td>58<\/td>\n<td>43.5<\/td>\n<\/tr>\n<tr data-end=\"745\" data-start=\"687\">\n<td>L<\/td>\n<td>39<\/td>\n<td>60<\/td>\n<td>44<\/td>\n<\/tr>\n<tr data-end=\"804\" data-start=\"746\">\n<td>XL<\/td>\n<td>40<\/td>\n<td>62<\/td>\n<td>45<\/td>\n<\/tr>\n<tr data-end=\"863\" data-start=\"805\">\n<td>2XL<\/td>\n<td>41<\/td>\n<td>64<\/td>\n<td>46<\/td>\n<\/tr>\n<\/tbody>\n<\/table>\n","protected":false},"excerpt":{"rendered":"<p>Le short PRO IVY GREEN est dot\u00e9 d&#8217;une ceinture \u00e9lastiqu\u00e9e et de cordons internes r\u00e9glables pour un ajustement parfait. Il incorpore une maille int\u00e9rieure qui maximise la respirabilit\u00e9 et une poche lat\u00e9rale sp\u00e9cifique pour ranger les balles de padel ou les accessoires en tout confort. Composition: 90% polyamide, 10% \u00e9lasthanne. Mod\u00e8le homme :\u00a01.86m taille L [&hellip;]<\/p>\n","protected":false},"featured_media":115819,"comment_status":"open","ping_status":"closed","template":"","meta":[],"product_cat":[85],"product_tag":[],"_links":{"self":[{"href":"https:\/\/www.sport4club.be\/index.php\/wp-json\/wp\/v2\/product\/115818"}],"collection":[{"href":"https:\/\/www.sport4club.be\/index.php\/wp-json\/wp\/v2\/product"}],"about":[{"href":"https:\/\/www.sport4club.be\/index.php\/wp-json\/wp\/v2\/types\/product"}],"replies":[{"embeddable":true,"href":"https:\/\/www.sport4club.be\/index.php\/wp-json\/wp\/v2\/comments?post=115818"}],"wp:featuredmedia":[{"embeddable":true,"href":"https:\/\/www.sport4club.be\/index.php\/wp-json\/wp\/v2\/media\/115819"}],"wp:attachment":[{"href":"https:\/\/www.sport4club.be\/index.php\/wp-json\/wp\/v2\/media?parent=115818"}],"wp:term":[{"taxonomy":"product_cat","embeddable":true,"href":"https:\/\/www.sport4club.be\/index.php\/wp-json\/wp\/v2\/product_cat?post=115818"},{"taxonomy":"product_tag","embeddable":true,"href":"https:\/\/www.sport4club.be\/index.php\/wp-json\/wp\/v2\/product_tag?post=115818"}],"curies":[{"name":"wp","href":"https:\/\/api.w.org\/{rel}","templated":true}]}}